{"id":46156,"date":"2019-02-08T10:34:35","date_gmt":"2019-02-08T09:34:35","guid":{"rendered":"http:\/\/www.mirsa.es.mialias.net\/azabu-ligne-roset\/"},"modified":"2020-11-03T18:03:02","modified_gmt":"2020-11-03T18:03:02","slug":"azabu-ligne-roset","status":"publish","type":"page","link":"https:\/\/www.mirsa.es\/ca\/azabu-ligne-roset\/","title":{"rendered":"Azabu Ligne Roset"},"content":{"rendered":"<div class=\"wpb-content-wrapper\"><p>[vc_row][vc_column][vc_column_text]<\/p>\n<h5><img decoding=\"async\" class=\"wp-image-1077 size-large aligncenter\" title=\"Azabu Ligne Roset\" src=\"\/wp-content\/uploads\/2020\/08\/azabu_ligne_roset_portada.jpg\" alt=\"Azabu Ligne Roset\" width=\"100%\" height=\"400\"\/><\/h5>\n<p style=\"font-size: 16px; text-align: left;\"><strong>Azabu \u00e9s la nova col\u00b7lecci\u00f3 per a jardins i terrasses patentada per la prestigiosa dissenyadora Marie Christine Dorner per a la firma francesa Ligne Roset.<\/strong><\/p>\n<p style=\"font-size: 16px; text-align: left;\">La col\u00b7lecci\u00f3 es basa en la creaci\u00f3 de formes airejades de metall soldat, que creen una funcional tauleta auxiliar a la que es pot afegir una l\u00e0mpada de globus.<\/p>\n<p style=\"font-size: 16px; text-align: left;\">Azabu \u00e9s un producte vers\u00e0til i polivalent que pot utilitzar-se com una taula auxiliar, com contenidor d\u2019emmagatzematge o com l\u00e0mpada, difonent una llum c\u00e0lida i de colors uniformes. Amb les seves l\u00ednies retallades i la seva estructura de filferro lacat en marr\u00f3 o negre, la col\u00b7lecci\u00f3 \u00e9s caracteritza per la seva lleugeresa i eleg\u00e0ncia.<\/p>\n<p style=\"font-size: 16px; text-align: left;\">A MIRSA interiorisme &#038; mobiliari som distribu\u00efdors oficials Ligne Roset. Per a m\u00e9s informaci\u00f3, visiti el nosre Showroom o contacti amb nosaltres.\n<\/p>\n<p>[\/vc_column_text][vc_row_inner][vc_column_inner]<style type=\"text\/css\">#bklyn_btn_69d1a9f032684 .bklyn-btn { color:#ffffff !important; background-color:black !important; }<\/style><div id=\"bklyn_btn_69d1a9f032684\" class=\"bklyn-btn-holder  bklyn-btn-center bklyn-btn-tablet-center bklyn-btn-mobile-center\"><a title=\"Contacto\"   href=\"\/contacto\" target=\"_self\" class=\"bklyn-btn  bklyn-btn-icon-left bklyn-btn-normal\" ><i class=\"fa fa-envelope\"><\/i><span class=\"ut-btn-text\">M\u00e9s informaci\u00f3<\/span><\/a><\/div>[\/vc_column_inner][\/vc_row_inner][\/vc_column][\/vc_row]<\/p>\n<\/div>","protected":false},"excerpt":{"rendered":"<p>[vc_row][vc_column][vc_column_text] Azabu \u00e9s la nova col\u00b7lecci\u00f3 per a jardins i terrasses patentada per la prestigiosa dissenyadora Marie Christine Dorner per a la firma francesa Ligne Roset. La col\u00b7lecci\u00f3 es basa en la creaci\u00f3 de formes airejades de metall soldat, que creen una funcional tauleta auxiliar a la que es pot afegir una l\u00e0mpada de globus. [&hellip;]<\/p>\n","protected":false},"author":1,"featured_media":0,"parent":0,"menu_order":0,"comment_status":"closed","ping_status":"closed","template":"","meta":{"footnotes":""},"class_list":["post-46156","page","type-page","status-publish","hentry"],"aioseo_notices":[],"_links":{"self":[{"href":"https:\/\/www.mirsa.es\/ca\/wp-json\/wp\/v2\/pages\/46156","targetHints":{"allow":["GET"]}}],"collection":[{"href":"https:\/\/www.mirsa.es\/ca\/wp-json\/wp\/v2\/pages"}],"about":[{"href":"https:\/\/www.mirsa.es\/ca\/wp-json\/wp\/v2\/types\/page"}],"author":[{"embeddable":true,"href":"https:\/\/www.mirsa.es\/ca\/wp-json\/wp\/v2\/users\/1"}],"replies":[{"embeddable":true,"href":"https:\/\/www.mirsa.es\/ca\/wp-json\/wp\/v2\/comments?post=46156"}],"version-history":[{"count":0,"href":"https:\/\/www.mirsa.es\/ca\/wp-json\/wp\/v2\/pages\/46156\/revisions"}],"wp:attachment":[{"href":"https:\/\/www.mirsa.es\/ca\/wp-json\/wp\/v2\/media?parent=46156"}],"curies":[{"name":"wp","href":"https:\/\/api.w.org\/{rel}","templated":true}]}}