{"id":46139,"date":"2018-04-18T18:54:55","date_gmt":"2018-04-18T16:54:55","guid":{"rendered":"http:\/\/www.mirsa.es.mialias.net\/axor-griferia\/"},"modified":"2024-05-21T10:19:35","modified_gmt":"2024-05-21T10:19:35","slug":"axor-griferia","status":"publish","type":"page","link":"https:\/\/www.mirsa.es\/ca\/axor-griferia\/","title":{"rendered":"Axor Aixetes"},"content":{"rendered":"<div class=\"wpb-content-wrapper\"><p>[vc_row css=&#8221;.vc_custom_1583596731269{margin-left: -50px !important;}&#8221;][vc_column][vc_column_text]<a style=\"color:black;\" href=\"javascript:history.go(-1)\" onmouseover=\"self.status=document.referrer;return true\">Enrere<\/a>[\/vc_column_text][\/vc_column][\/vc_row][vc_row][vc_column][vc_column_text]<\/p>\n<h5><img decoding=\"async\" class=\"wp-image-1077 size-large aligncenter\" title=\"Axor Aixetes\" src=\"\/wp-content\/uploads\/2020\/05\/axor.jpg\" alt=\"Axor Aixetes\" width=\"100%\" height=\"400\" \/><\/h5>\n<p style=\"font-size: 16px; text-align: left;\"><strong>Axor \u00e9s una prestigiosa firma d\u2019articles de luxe per a bany i cuina, que es caracteritzen per les seves elegants col\u00b7leccions d\u2019estil avantguardista i contemporani.<\/strong><\/p>\n<p style=\"font-size: 16px; text-align: left;\">La firma col\u00b7labora amb alguns dels millors dissenyadors i interioristes del moment, creant espectaculars col\u00b7leccions d\u2019aixetes, dutxes i altres objectes.<\/p>\n<p style=\"font-size: 16px; text-align: left;\">Amb m\u00e9s de 20 anys d\u2019experi\u00e8ncia, la marca s\u2019ha convertit en tota una refer\u00e8ncia al m\u00f3n de l\u2019interiorisme i el disseny. Banyeres i dutxes d\u2019alta gamma que formen part d\u2019alguns dels hotels m\u00e9s prestigiosos del m\u00f3n, com el fam\u00f3s \u201cFour Seasons\u201d de Mil\u00e0.<\/p>\n<p style=\"font-size: 16px; text-align: left;\">A MIRSA interiorisme &#038; mobiliari som distribu\u00efdors oficials de productes Axor. Per a m\u00e9s informaci\u00f3, visiti la nostra exposici\u00f3 o contacti amb nosaltres.<\/p>\n<p>[\/vc_column_text][\/vc_column][\/vc_row]<\/p>\n<\/div>","protected":false},"excerpt":{"rendered":"<p>[vc_row css=&#8221;.vc_custom_1583596731269{margin-left: -50px !important;}&#8221;][vc_column][vc_column_text]Enrere[\/vc_column_text][\/vc_column][\/vc_row][vc_row][vc_column][vc_column_text] Axor \u00e9s una prestigiosa firma d\u2019articles de luxe per a bany i cuina, que es caracteritzen per les seves elegants col\u00b7leccions d\u2019estil avantguardista i contemporani. La firma col\u00b7labora amb alguns dels millors dissenyadors i interioristes del moment, creant espectaculars col\u00b7leccions d\u2019aixetes, dutxes i altres objectes. Amb m\u00e9s de 20 anys d\u2019experi\u00e8ncia, [&hellip;]<\/p>\n","protected":false},"author":1,"featured_media":0,"parent":0,"menu_order":0,"comment_status":"closed","ping_status":"closed","template":"","meta":{"footnotes":""},"class_list":["post-46139","page","type-page","status-publish","hentry"],"aioseo_notices":[],"_links":{"self":[{"href":"https:\/\/www.mirsa.es\/ca\/wp-json\/wp\/v2\/pages\/46139","targetHints":{"allow":["GET"]}}],"collection":[{"href":"https:\/\/www.mirsa.es\/ca\/wp-json\/wp\/v2\/pages"}],"about":[{"href":"https:\/\/www.mirsa.es\/ca\/wp-json\/wp\/v2\/types\/page"}],"author":[{"embeddable":true,"href":"https:\/\/www.mirsa.es\/ca\/wp-json\/wp\/v2\/users\/1"}],"replies":[{"embeddable":true,"href":"https:\/\/www.mirsa.es\/ca\/wp-json\/wp\/v2\/comments?post=46139"}],"version-history":[{"count":0,"href":"https:\/\/www.mirsa.es\/ca\/wp-json\/wp\/v2\/pages\/46139\/revisions"}],"wp:attachment":[{"href":"https:\/\/www.mirsa.es\/ca\/wp-json\/wp\/v2\/media?parent=46139"}],"curies":[{"name":"wp","href":"https:\/\/api.w.org\/{rel}","templated":true}]}}