{"id":46094,"date":"2018-04-20T11:25:42","date_gmt":"2018-04-20T09:25:42","guid":{"rendered":"http:\/\/www.mirsa.es.mialias.net\/atoll-sofa-bb-italia\/"},"modified":"2020-10-31T17:04:53","modified_gmt":"2020-10-31T17:04:53","slug":"atoll-sofa-bb-italia","status":"publish","type":"page","link":"https:\/\/www.mirsa.es\/ca\/atoll-sofa-bb-italia\/","title":{"rendered":"Atoll Sofa B&#038;B Italia"},"content":{"rendered":"<div class=\"wpb-content-wrapper\"><p>[vc_row][vc_column][vc_column_text]<\/p>\n<h5><img decoding=\"async\" class=\"wp-image-1077 size-large aligncenter\" title=\"Atoll Sofa - B&amp;B Italia\" src=\"\/wp-content\/uploads\/2020\/06\/atoll_sofa_bb_italia.jpg\" alt=\"Atoll Sofa - B&amp;B Italia\" width=\"100%\" height=\"400\" \/><\/h5>\n<p style=\"font-size: 16px; text-align: left;\"><strong>Atroll de B&#038;B \u00e9s un refinat sof\u00e0 dissenyat pel prestigi\u00f3s Antonio Citterio, que mant\u00e9 una est\u00e8tica elegant i equilibrada.<\/strong><\/p>\n<p style=\"font-size: 16px; text-align: left;\">Es tracta d\u2019una espectacular col\u00b7lecci\u00f3 d\u2019estil contemporani que, gr\u00e0cies al seu sistema modular, permet una gran quantitat de configuracions, adaptant-se aix\u00ed a les dimensions de l\u2019espai.<\/p>\n<p style=\"font-size: 16px; text-align: left;\">El sistema est\u00e0 constru\u00eft sobre tres plataformes b\u00e0siques: 190cm i 240 cm, ambdues amb 90 cm de profunditat i 130cm amb 140cm de profunditat, que es complementen amb recolza bra\u00e7os i elements de suport per a formar diversos seients.<\/p>\n<p style=\"font-size: 16px; text-align: left;\">A MIRSA interiorisme &#038; mobiliari disposem d\u2019una extensa col\u00b7lecci\u00f3 de productes B&#038;B Italia. Per a m\u00e9s informaci\u00f3, visiti el nostre Showroom o contacti amb nosaltres.<\/p>\n<p>[\/vc_column_text][vc_row_inner][vc_column_inner]<style type=\"text\/css\">#bklyn_btn_69d2904660bd4 .bklyn-btn { color:#ffffff !important; background-color:black !important; }<\/style><div id=\"bklyn_btn_69d2904660bd4\" class=\"bklyn-btn-holder  bklyn-btn-center bklyn-btn-tablet-center bklyn-btn-mobile-center\"><a title=\"Contacto\"   href=\"\/contacto\" target=\"_self\" class=\"bklyn-btn  bklyn-btn-icon-left bklyn-btn-normal\" ><i class=\"fa fa-envelope\"><\/i><span class=\"ut-btn-text\">M\u00e9s informaci\u00f3<\/span><\/a><\/div>[\/vc_column_inner][\/vc_row_inner][\/vc_column][\/vc_row][vc_section][vc_row][vc_column width=&#8221;1\/2&#8243;]<div  class=\"wpb_content_element   clearfix\"><style type=\"text\/css\">#ut_am_69d29046618a6 { opacity: 1; }#ut_am_wrap_69d29046618a7 { text-align: left; }@media (min-width: 768px) and (max-width: 1024px) { #ut_am_wrap_69d29046618a7 { text-align: left !important; } }@media (max-width: 767px) { #ut_am_wrap_69d29046618a7 { text-align: center !important; } }<\/style><div id=\"ut_am_wrap_69d29046618a7\" class=\"ut-image-gallery-image \"><div id=\"ut_reveal_69d29046618a8\"  data-appear-top-offset=\"auto\" class=\"ut-animated-image-item ut-image-gallery-item ut-animation-done \"><a class=\"ut-deactivated-link\" href=\"#\"><div class=\"ut-animated-image-zoom\">\r\n        <div class=\"ut-element-glitch-wrap\">\r\n\r\n            \r\n        <style type=\"text\/css\">\r\n\r\n                        \r\n        @media (min-width: 1025px) {\r\n\r\n        #ut-element-glitch-69d29046618ca958095988-32027 .ut-glitch-single-element {\r\n                                            \r\n                }\r\n        }\r\n\r\n        @media (min-width: 768px) and (max-width: 1024px) {\r\n\r\n        #ut-element-glitch-69d29046618ca958095988-32027 .ut-glitch-single-element {\r\n                                                \r\n                    }\r\n        }\r\n\r\n        @media (max-width: 767px) {\r\n\r\n        #ut-element-glitch-69d29046618ca958095988-32027 .ut-glitch-single-element {\r\n                                                \r\n                    }\r\n        }\r\n\r\n        \r\n        <\/style>\r\n\r\n        \r\n            <div id=\"ut-element-glitch-69d29046618ca958095988-32027\" class=\" ut-element-glitch ut-glitch-none ut-element-glitch-permanent\">\r\n                <div class=\"ut-glitch-single-element ut-lozad skip-lazy\" data-background-image=\"https:\/\/www.mirsa.es\/wp-content\/uploads\/2020\/06\/atoll_sofa_bb_italia_01.jpg\"><\/div>\r\n                <div class=\"ut-glitch-single-element ut-lozad skip-lazy\" data-background-image=\"https:\/\/www.mirsa.es\/wp-content\/uploads\/2020\/06\/atoll_sofa_bb_italia_01.jpg\"><\/div>\r\n                <div class=\"ut-glitch-single-element ut-lozad skip-lazy\" data-background-image=\"https:\/\/www.mirsa.es\/wp-content\/uploads\/2020\/06\/atoll_sofa_bb_italia_01.jpg\"><\/div>\r\n                <div class=\"ut-glitch-single-element ut-lozad skip-lazy\" data-background-image=\"https:\/\/www.mirsa.es\/wp-content\/uploads\/2020\/06\/atoll_sofa_bb_italia_01.jpg\"><\/div>\r\n                <div class=\"ut-glitch-single-element ut-lozad skip-lazy\" data-background-image=\"https:\/\/www.mirsa.es\/wp-content\/uploads\/2020\/06\/atoll_sofa_bb_italia_01.jpg\"><\/div>\r\n            <\/div>\r\n\r\n        <\/div>\r\n\r\n        <img loading=\"lazy\" decoding=\"async\" class=\"ut-lazy skip-lazy ut-animated-image \"  id=\"ut_am_69d29046618a6\" src=\"data:image\/svg+xml;charset=utf-8,%3Csvg xmlns%3D'http%3A%2F%2Fwww.w3.org%2F2000%2Fsvg' viewBox%3D'0 0 600 324'%2F%3E\" data-src=\"https:\/\/www.mirsa.es\/wp-content\/uploads\/2020\/06\/atoll_sofa_bb_italia_01.jpg\" width=\"600\" height=\"324\" alt=\"\"\/><\/div><\/a><\/div><\/div><\/div>[\/vc_column][vc_column width=&#8221;1\/2&#8243;]<div  class=\"wpb_content_element   clearfix\"><style type=\"text\/css\">#ut_am_69d2904661d89 { opacity: 1; }#ut_am_wrap_69d2904661d8a { text-align: left; }@media (min-width: 768px) and (max-width: 1024px) { #ut_am_wrap_69d2904661d8a { text-align: left !important; } }@media (max-width: 767px) { #ut_am_wrap_69d2904661d8a { text-align: center !important; } }<\/style><div id=\"ut_am_wrap_69d2904661d8a\" class=\"ut-image-gallery-image \"><div id=\"ut_reveal_69d2904661d8b\"  data-appear-top-offset=\"auto\" class=\"ut-animated-image-item ut-image-gallery-item ut-animation-done \"><a class=\"ut-deactivated-link\" href=\"#\"><div class=\"ut-animated-image-zoom\">\r\n        <div class=\"ut-element-glitch-wrap\">\r\n\r\n            \r\n        <style type=\"text\/css\">\r\n\r\n                        \r\n        @media (min-width: 1025px) {\r\n\r\n        #ut-element-glitch-69d2904661da3171626593-32028 .ut-glitch-single-element {\r\n                                            \r\n                }\r\n        }\r\n\r\n        @media (min-width: 768px) and (max-width: 1024px) {\r\n\r\n        #ut-element-glitch-69d2904661da3171626593-32028 .ut-glitch-single-element {\r\n                                                \r\n                    }\r\n        }\r\n\r\n        @media (max-width: 767px) {\r\n\r\n        #ut-element-glitch-69d2904661da3171626593-32028 .ut-glitch-single-element {\r\n                                                \r\n                    }\r\n        }\r\n\r\n        \r\n        <\/style>\r\n\r\n        \r\n            <div id=\"ut-element-glitch-69d2904661da3171626593-32028\" class=\" ut-element-glitch ut-glitch-none ut-element-glitch-permanent\">\r\n                <div class=\"ut-glitch-single-element ut-lozad skip-lazy\" data-background-image=\"https:\/\/www.mirsa.es\/wp-content\/uploads\/2020\/06\/atoll_sofa_bb_italia_02.jpg\"><\/div>\r\n                <div class=\"ut-glitch-single-element ut-lozad skip-lazy\" data-background-image=\"https:\/\/www.mirsa.es\/wp-content\/uploads\/2020\/06\/atoll_sofa_bb_italia_02.jpg\"><\/div>\r\n                <div class=\"ut-glitch-single-element ut-lozad skip-lazy\" data-background-image=\"https:\/\/www.mirsa.es\/wp-content\/uploads\/2020\/06\/atoll_sofa_bb_italia_02.jpg\"><\/div>\r\n                <div class=\"ut-glitch-single-element ut-lozad skip-lazy\" data-background-image=\"https:\/\/www.mirsa.es\/wp-content\/uploads\/2020\/06\/atoll_sofa_bb_italia_02.jpg\"><\/div>\r\n                <div class=\"ut-glitch-single-element ut-lozad skip-lazy\" data-background-image=\"https:\/\/www.mirsa.es\/wp-content\/uploads\/2020\/06\/atoll_sofa_bb_italia_02.jpg\"><\/div>\r\n            <\/div>\r\n\r\n        <\/div>\r\n\r\n        <img loading=\"lazy\" decoding=\"async\" class=\"ut-lazy skip-lazy ut-animated-image \"  id=\"ut_am_69d2904661d89\" src=\"data:image\/svg+xml;charset=utf-8,%3Csvg xmlns%3D'http%3A%2F%2Fwww.w3.org%2F2000%2Fsvg' viewBox%3D'0 0 600 324'%2F%3E\" data-src=\"https:\/\/www.mirsa.es\/wp-content\/uploads\/2020\/06\/atoll_sofa_bb_italia_02.jpg\" width=\"600\" height=\"324\" alt=\"\"\/><\/div><\/a><\/div><\/div><\/div>[\/vc_column][\/vc_row][\/vc_section]<\/p>\n<\/div>","protected":false},"excerpt":{"rendered":"<p>[vc_row][vc_column][vc_column_text] Atroll de B&#038;B \u00e9s un refinat sof\u00e0 dissenyat pel prestigi\u00f3s Antonio Citterio, que mant\u00e9 una est\u00e8tica elegant i equilibrada. Es tracta d\u2019una espectacular col\u00b7lecci\u00f3 d\u2019estil contemporani que, gr\u00e0cies al seu sistema modular, permet una gran quantitat de configuracions, adaptant-se aix\u00ed a les dimensions de l\u2019espai. El sistema est\u00e0 constru\u00eft sobre tres plataformes b\u00e0siques: 190cm [&hellip;]<\/p>\n","protected":false},"author":1,"featured_media":0,"parent":0,"menu_order":0,"comment_status":"closed","ping_status":"closed","template":"","meta":{"footnotes":""},"class_list":["post-46094","page","type-page","status-publish","hentry"],"aioseo_notices":[],"_links":{"self":[{"href":"https:\/\/www.mirsa.es\/ca\/wp-json\/wp\/v2\/pages\/46094","targetHints":{"allow":["GET"]}}],"collection":[{"href":"https:\/\/www.mirsa.es\/ca\/wp-json\/wp\/v2\/pages"}],"about":[{"href":"https:\/\/www.mirsa.es\/ca\/wp-json\/wp\/v2\/types\/page"}],"author":[{"embeddable":true,"href":"https:\/\/www.mirsa.es\/ca\/wp-json\/wp\/v2\/users\/1"}],"replies":[{"embeddable":true,"href":"https:\/\/www.mirsa.es\/ca\/wp-json\/wp\/v2\/comments?post=46094"}],"version-history":[{"count":0,"href":"https:\/\/www.mirsa.es\/ca\/wp-json\/wp\/v2\/pages\/46094\/revisions"}],"wp:attachment":[{"href":"https:\/\/www.mirsa.es\/ca\/wp-json\/wp\/v2\/media?parent=46094"}],"curies":[{"name":"wp","href":"https:\/\/api.w.org\/{rel}","templated":true}]}}