{"id":46052,"date":"2019-01-30T17:50:51","date_gmt":"2019-01-30T16:50:51","guid":{"rendered":"http:\/\/www.mirsa.es.mialias.net\/astair-ligne-roset\/"},"modified":"2020-10-29T18:27:43","modified_gmt":"2020-10-29T18:27:43","slug":"astair-ligne-roset","status":"publish","type":"page","link":"https:\/\/www.mirsa.es\/ca\/astair-ligne-roset\/","title":{"rendered":"Astair Ligne Roset"},"content":{"rendered":"<div class=\"wpb-content-wrapper\"><p>[vc_row][vc_column][vc_column_text]<\/p>\n<h5><img decoding=\"async\" class=\"wp-image-1077 size-large aligncenter\" title=\"Astair Ligne Roset\" src=\"\/wp-content\/uploads\/2020\/10\/astair_ligne_roset.jpg\" alt=\"Astair Ligne Roset\" width=\"100%\" height=\"400\" \/><\/h5>\n<p style=\"font-size: 16px; text-align: left;\"><strong>Astair \u00e9s la nova col\u00b7lecci\u00f3 de butaques patentades pel prestigi\u00f3s dissenyador Pierre Charpin per a la firma francesa Ligne Roset.<br \/>\n<\/strong><\/p>\n<p style=\"font-size: 16px; text-align: left;\">Es tracta d\u2019una pe\u00e7a construida amb una de les escumes m\u00e9s resistents del mercat, amb una estructura meticulosament estudiada per a garantir la m\u00e1xima comoditat i asegurar una llarga vida \u00fatil del producte.<\/p>\n<p style=\"font-size: 16px; text-align: left;\">Tant el seient i el respatller com els reposabra\u00e7os presenten volums arrodonits i elegants que contribueixen a transmetre una imatge c\u00e0lida i acollidora.<\/p>\n<p style=\"font-size: 16px; text-align: left;\">Astair disposa tamb\u00e9 d\u2019un reposapeus complementari, aix\u00ed com una tauleta auxiliar disponible en diversos acabats que enriqueixen la col\u00b7lecci\u00f3.\n<\/p>\n<p style=\"font-size: 16px; text-align: left;\">A MIRSA interiorisme &#038; mobiliari som distribu\u00efdors oficials Ligne Roset. Per a m\u00e9s informaci\u00f3n, visiti el nostre Showroom o contacti amb nosaltres.<\/p>\n<p>[\/vc_column_text][vc_row_inner][vc_column_inner]<style type=\"text\/css\">#bklyn_btn_69d183c4def4b .bklyn-btn { color:#ffffff !important; background-color:black !important; }<\/style><div id=\"bklyn_btn_69d183c4def4b\" class=\"bklyn-btn-holder  bklyn-btn-center bklyn-btn-tablet-center bklyn-btn-mobile-center\"><a title=\"Contacto\"   href=\"\/contacto\" target=\"_self\" class=\"bklyn-btn  bklyn-btn-icon-left bklyn-btn-normal\" ><i class=\"fa fa-envelope\"><\/i><span class=\"ut-btn-text\">M\u00e9s informaci\u00f3<\/span><\/a><\/div>[\/vc_column_inner][\/vc_row_inner][\/vc_column][\/vc_row]<\/p>\n<\/div>","protected":false},"excerpt":{"rendered":"<p>[vc_row][vc_column][vc_column_text] Astair \u00e9s la nova col\u00b7lecci\u00f3 de butaques patentades pel prestigi\u00f3s dissenyador Pierre Charpin per a la firma francesa Ligne Roset. Es tracta d\u2019una pe\u00e7a construida amb una de les escumes m\u00e9s resistents del mercat, amb una estructura meticulosament estudiada per a garantir la m\u00e1xima comoditat i asegurar una llarga vida \u00fatil del producte. Tant [&hellip;]<\/p>\n","protected":false},"author":1,"featured_media":0,"parent":0,"menu_order":0,"comment_status":"closed","ping_status":"closed","template":"","meta":{"footnotes":""},"class_list":["post-46052","page","type-page","status-publish","hentry"],"aioseo_notices":[],"_links":{"self":[{"href":"https:\/\/www.mirsa.es\/ca\/wp-json\/wp\/v2\/pages\/46052","targetHints":{"allow":["GET"]}}],"collection":[{"href":"https:\/\/www.mirsa.es\/ca\/wp-json\/wp\/v2\/pages"}],"about":[{"href":"https:\/\/www.mirsa.es\/ca\/wp-json\/wp\/v2\/types\/page"}],"author":[{"embeddable":true,"href":"https:\/\/www.mirsa.es\/ca\/wp-json\/wp\/v2\/users\/1"}],"replies":[{"embeddable":true,"href":"https:\/\/www.mirsa.es\/ca\/wp-json\/wp\/v2\/comments?post=46052"}],"version-history":[{"count":0,"href":"https:\/\/www.mirsa.es\/ca\/wp-json\/wp\/v2\/pages\/46052\/revisions"}],"wp:attachment":[{"href":"https:\/\/www.mirsa.es\/ca\/wp-json\/wp\/v2\/media?parent=46052"}],"curies":[{"name":"wp","href":"https:\/\/api.w.org\/{rel}","templated":true}]}}