{"id":46042,"date":"2016-07-01T18:52:34","date_gmt":"2016-07-01T16:52:34","guid":{"rendered":"http:\/\/www.mirsa.es.mialias.net\/artemide-iluminacion\/"},"modified":"2024-05-14T15:10:53","modified_gmt":"2024-05-14T15:10:53","slug":"artemide-iluminacion","status":"publish","type":"page","link":"https:\/\/www.mirsa.es\/ca\/artemide-iluminacion\/","title":{"rendered":"Artemide il\u00b7luminaci\u00f3"},"content":{"rendered":"<div class=\"wpb-content-wrapper\"><p>[vc_row css=&#8221;.vc_custom_1583596731269{margin-left: -50px !important;}&#8221;][vc_column][vc_column_text]<a style=\"color:black;\" href=\"javascript:history.go(-1)\" onmouseover=\"self.status=document.referrer;return true\">Enrere<\/a>[\/vc_column_text][\/vc_column][\/vc_row][vc_row][vc_column][vc_column_text]<\/p>\n<h5><img decoding=\"async\" class=\"wp-image-1077 size-large aligncenter\" title=\"Artemide Il\u00b7luminaci\u00f3\" src=\"\/wp-content\/uploads\/2020\/05\/artemide.jpg\" alt=\"Artemide Il\u00b7luminaci\u00f3n\" width=\"100%\" height=\"400\" \/><\/h5>\n<p style=\"font-size: 16px; text-align: left;\"><strong>Artemide \u00e9s una reconeguda firma italiana de l\u00e0mpades de disseny i altres productes d\u2019 il\u00b7luminaci\u00f3.<\/strong><\/p>\n<p style=\"font-size: 16px; text-align: left;\">La prestigiosa l\u00e0mpada Tolomeo, de Michelle De Luichi \u00e9s un bon referent del gran resultat dels productes Artemide, que disposa d\u2019un ampli cat\u00e0leg amb solucions en il\u00b7luminaci\u00f3 d\u2019\u00faltima generaci\u00f3 que s\u2019adapta a tot tipus d\u2019espais.<\/p>\n<p style=\"font-size: 16px; text-align: left;\">A MIRSA interiorisme &#038; mobiliari som distribuidors oficials de l\u00e0mpades i plafons Artemide. Per a m\u00e9s informaci\u00f3, visiti el nostre Showroom o contacti amb nosaltres.<\/p>\n<p>[\/vc_column_text][\/vc_column][\/vc_row][vc_section][vc_row full_width=&#8221;stretch_row_content_no_spaces&#8221;][vc_column][vc_column_text]<iframe id=\"embedded-ads-iframe-website\" width=\"100%\" height=\"600\" data-originsrc=\"https:\/\/mirsa.daloom.com\/es\/productos\/iluminacion-de-interiores\/brand_artemide\"><\/iframe><script defer src=\"https:\/\/mirsa.daloom.com\/js\/parent-embedded-script.min.js\"><\/script><br \/>\n[\/vc_column_text][\/vc_column][\/vc_row][\/vc_section]<\/p>\n<\/div>","protected":false},"excerpt":{"rendered":"<p>[vc_row css=&#8221;.vc_custom_1583596731269{margin-left: -50px !important;}&#8221;][vc_column][vc_column_text]Enrere[\/vc_column_text][\/vc_column][\/vc_row][vc_row][vc_column][vc_column_text] Artemide \u00e9s una reconeguda firma italiana de l\u00e0mpades de disseny i altres productes d\u2019 il\u00b7luminaci\u00f3. La prestigiosa l\u00e0mpada Tolomeo, de Michelle De Luichi \u00e9s un bon referent del gran resultat dels productes Artemide, que disposa d\u2019un ampli cat\u00e0leg amb solucions en il\u00b7luminaci\u00f3 d\u2019\u00faltima generaci\u00f3 que s\u2019adapta a tot tipus d\u2019espais. A [&hellip;]<\/p>\n","protected":false},"author":1,"featured_media":0,"parent":0,"menu_order":0,"comment_status":"closed","ping_status":"closed","template":"","meta":{"footnotes":""},"class_list":["post-46042","page","type-page","status-publish","hentry"],"aioseo_notices":[],"_links":{"self":[{"href":"https:\/\/www.mirsa.es\/ca\/wp-json\/wp\/v2\/pages\/46042","targetHints":{"allow":["GET"]}}],"collection":[{"href":"https:\/\/www.mirsa.es\/ca\/wp-json\/wp\/v2\/pages"}],"about":[{"href":"https:\/\/www.mirsa.es\/ca\/wp-json\/wp\/v2\/types\/page"}],"author":[{"embeddable":true,"href":"https:\/\/www.mirsa.es\/ca\/wp-json\/wp\/v2\/users\/1"}],"replies":[{"embeddable":true,"href":"https:\/\/www.mirsa.es\/ca\/wp-json\/wp\/v2\/comments?post=46042"}],"version-history":[{"count":0,"href":"https:\/\/www.mirsa.es\/ca\/wp-json\/wp\/v2\/pages\/46042\/revisions"}],"wp:attachment":[{"href":"https:\/\/www.mirsa.es\/ca\/wp-json\/wp\/v2\/media?parent=46042"}],"curies":[{"name":"wp","href":"https:\/\/api.w.org\/{rel}","templated":true}]}}