{"id":46025,"date":"2017-02-08T11:38:52","date_gmt":"2017-02-08T10:38:52","guid":{"rendered":"http:\/\/www.mirsa.es.mialias.net\/arper-sillas-de-diseno\/"},"modified":"2024-05-14T14:41:04","modified_gmt":"2024-05-14T14:41:04","slug":"arper-sillas-de-diseno","status":"publish","type":"page","link":"https:\/\/www.mirsa.es\/ca\/arper-sillas-de-diseno\/","title":{"rendered":"Arper Cadires de disseny"},"content":{"rendered":"<div class=\"wpb-content-wrapper\"><p>[vc_row css=&#8221;.vc_custom_1583596731269{margin-left: -50px !important;}&#8221;][vc_column][vc_column_text]<a href=\"javascript:history.go(-1)\" onmouseover=\"self.status=document.referrer;return true\" style=\"color: black;\">Enrere<\/a>[\/vc_column_text][\/vc_column][\/vc_row][vc_row][vc_column][vc_column_text]<\/p>\n<h5><img decoding=\"async\" class=\"wp-image-1077 size-large aligncenter\" title=\"Cadires Arper\" src=\"\/wp-content\/uploads\/2020\/05\/arper.jpg\" alt=\"Cadires Arper\" width=\"100%\" height=\"400\" \/><\/h5>\n<p style=\"font-size: 16px; text-align: left;\"><strong>Arper \u00e9s una reconeguda marca italiana de mobiliari de disseny especialitzada en la fabricaci\u00f3 de cadires, tamborets i sof\u00e0s.<\/strong><\/p>\n<p style=\"font-size: 16px; text-align: left;\">Si per alguna cosa destaca la firma, \u00e9s per l\u2019espectacular disseny de les seves cadires, que disposen d\u2019una forta personalitat i combinen la funcionalitat amb el minimalisme. Es tracta de peces elaborades amb materials de primera qualitat i d\u2019est\u00e8tica informal, ideals per a despatxos, estudis, oficines o sales d\u2019estar.<\/p>\n<p style=\"font-size: 16px; text-align: left;\">Algunes col\u00b7leccions d\u2019Arper han acabat convertint-se en veritables icones de l\u2019interiorisme, com els models Catifa 46 i Catifa 53. A MIRSA interiorisme &#038; mobiliari som distribu\u00efdors oficials Arper. Per a m\u00e9s informaci\u00f3, visiti la nostra exposici\u00f3 o contacti amb nosaltres.<\/p>\n<p>[\/vc_column_text][\/vc_column][\/vc_row][vc_section][vc_row full_width=&#8221;stretch_row_content_no_spaces&#8221;][vc_column][vc_column_text]<iframe width=\"100%\" height=\"600\" id=\"embedded-ads-iframe-website\" data-originsrc=\"https:\/\/mirsa.daloom.com\/es\/productos\/mobiliario\/brand_arper\"><\/iframe><script defer src=\"https:\/\/mirsa.daloom.com\/js\/parent-embedded-script.min.js\"><\/script>[\/vc_column_text][\/vc_column][\/vc_row][\/vc_section]<\/p>\n<\/div>","protected":false},"excerpt":{"rendered":"<p>[vc_row css=&#8221;.vc_custom_1583596731269{margin-left: -50px !important;}&#8221;][vc_column][vc_column_text]Enrere[\/vc_column_text][\/vc_column][\/vc_row][vc_row][vc_column][vc_column_text] Arper \u00e9s una reconeguda marca italiana de mobiliari de disseny especialitzada en la fabricaci\u00f3 de cadires, tamborets i sof\u00e0s. Si per alguna cosa destaca la firma, \u00e9s per l\u2019espectacular disseny de les seves cadires, que disposen d\u2019una forta personalitat i combinen la funcionalitat amb el minimalisme. Es tracta de peces elaborades [&hellip;]<\/p>\n","protected":false},"author":1,"featured_media":0,"parent":0,"menu_order":0,"comment_status":"closed","ping_status":"closed","template":"","meta":{"footnotes":""},"class_list":["post-46025","page","type-page","status-publish","hentry"],"aioseo_notices":[],"_links":{"self":[{"href":"https:\/\/www.mirsa.es\/ca\/wp-json\/wp\/v2\/pages\/46025","targetHints":{"allow":["GET"]}}],"collection":[{"href":"https:\/\/www.mirsa.es\/ca\/wp-json\/wp\/v2\/pages"}],"about":[{"href":"https:\/\/www.mirsa.es\/ca\/wp-json\/wp\/v2\/types\/page"}],"author":[{"embeddable":true,"href":"https:\/\/www.mirsa.es\/ca\/wp-json\/wp\/v2\/users\/1"}],"replies":[{"embeddable":true,"href":"https:\/\/www.mirsa.es\/ca\/wp-json\/wp\/v2\/comments?post=46025"}],"version-history":[{"count":0,"href":"https:\/\/www.mirsa.es\/ca\/wp-json\/wp\/v2\/pages\/46025\/revisions"}],"wp:attachment":[{"href":"https:\/\/www.mirsa.es\/ca\/wp-json\/wp\/v2\/media?parent=46025"}],"curies":[{"name":"wp","href":"https:\/\/api.w.org\/{rel}","templated":true}]}}