{"id":45990,"date":"2016-06-30T19:19:12","date_gmt":"2016-06-30T17:19:12","guid":{"rendered":"http:\/\/www.mirsa.es.mialias.net\/arketipo-sofas-de-diseno\/"},"modified":"2024-05-14T13:56:36","modified_gmt":"2024-05-14T13:56:36","slug":"arketipo-sofas-de-diseno","status":"publish","type":"page","link":"https:\/\/www.mirsa.es\/ca\/arketipo-sofas-de-diseno\/","title":{"rendered":"Arketipo sof\u00e0s de disseny"},"content":{"rendered":"<div class=\"wpb-content-wrapper\"><p>[vc_row css=&#8221;.vc_custom_1583596731269{margin-left: -50px !important;}&#8221;][vc_column][vc_column_text]<a href=\"javascript:history.go(-1)\" onmouseover=\"self.status=document.referrer;return true\" style=\"color: black;\">Enrere<\/a>[\/vc_column_text][\/vc_column][\/vc_row][vc_row][vc_column][vc_column_text]<\/p>\n<h5><img decoding=\"async\" class=\"wp-image-1077 size-large aligncenter\" title=\"Arketipo sof\u00e0s de disseny\" src=\"\/wp-content\/uploads\/2020\/05\/arketipo_firenze_sofas.jpg\" alt=\"Arketipo sof\u00e0s de disseny\" width=\"100%\" height=\"400\" \/><\/h5>\n<p style=\"font-size: 16px; text-align: left;\"><strong>Arketipo firenze \u00e9s una important marca de mobiliari Italiana especialitzada en la fabricaci\u00f3 i la distribuci\u00f3 de sof\u00e0s de disseny.<\/strong><\/p>\n<p style=\"font-size: 16px; text-align: left;\">Tot i que la firma italiana disposa d\u2019un ampli cat\u00e0leg de mobles per a la llar, la marca es caracteritza per les seves espectaculars col\u00b7leccions de sof\u00e0s d\u2019estil contemporani.<\/p>\n<p style=\"font-size: 16px; text-align: left;\">Els sof\u00e0s Arketipo s\u00f3n ideals pel descans per\u00f2 tamb\u00e9 per a treballar o gaudir de la companyia d\u2019amics i familiars. Estan dissenyats amb una gamma de teixits molt resistents i d\u2019una gran qualitat.<\/p>\n<p style=\"font-size: 16px; text-align: left;\">Reconeguts dissenyadors com Adriano Piazzesi , Bernhardt &#038; Vella o Carlo Bimbi col\u00b7laboren activament en el disseny i la confecci\u00f3 de les col\u00b7leccions m\u00e9s famoses d\u2019 Arketipo.<\/p>\n<p style=\"font-size: 16px; text-align: left;\">A MIRSA interiorisme &#038; mobiliari som distribu\u00efdors oficials Arketipo. Per a m\u00e9s informaci\u00f3, visiti el nostre Showroom o contacti amb nosaltres.<\/p>\n<p>[\/vc_column_text][\/vc_column][\/vc_row][vc_section][vc_row full_width=&#8221;stretch_row_content_no_spaces&#8221;][vc_column][vc_column_text]<iframe width=\"100%\" height=\"600\" id=\"embedded-ads-iframe-website\" data-originsrc=\"https:\/\/mirsa.daloom.com\/es\/productos\/mobiliario\/brand_arketipo\"><\/iframe><script defer src=\"https:\/\/mirsa.daloom.com\/js\/parent-embedded-script.min.js\"><\/script>[\/vc_column_text][\/vc_column][\/vc_row][\/vc_section]<\/p>\n<\/div>","protected":false},"excerpt":{"rendered":"<p>[vc_row css=&#8221;.vc_custom_1583596731269{margin-left: -50px !important;}&#8221;][vc_column][vc_column_text]Enrere[\/vc_column_text][\/vc_column][\/vc_row][vc_row][vc_column][vc_column_text] Arketipo firenze \u00e9s una important marca de mobiliari Italiana especialitzada en la fabricaci\u00f3 i la distribuci\u00f3 de sof\u00e0s de disseny. Tot i que la firma italiana disposa d\u2019un ampli cat\u00e0leg de mobles per a la llar, la marca es caracteritza per les seves espectaculars col\u00b7leccions de sof\u00e0s d\u2019estil contemporani. Els sof\u00e0s [&hellip;]<\/p>\n","protected":false},"author":1,"featured_media":0,"parent":0,"menu_order":0,"comment_status":"closed","ping_status":"closed","template":"","meta":{"footnotes":""},"class_list":["post-45990","page","type-page","status-publish","hentry"],"aioseo_notices":[],"_links":{"self":[{"href":"https:\/\/www.mirsa.es\/ca\/wp-json\/wp\/v2\/pages\/45990","targetHints":{"allow":["GET"]}}],"collection":[{"href":"https:\/\/www.mirsa.es\/ca\/wp-json\/wp\/v2\/pages"}],"about":[{"href":"https:\/\/www.mirsa.es\/ca\/wp-json\/wp\/v2\/types\/page"}],"author":[{"embeddable":true,"href":"https:\/\/www.mirsa.es\/ca\/wp-json\/wp\/v2\/users\/1"}],"replies":[{"embeddable":true,"href":"https:\/\/www.mirsa.es\/ca\/wp-json\/wp\/v2\/comments?post=45990"}],"version-history":[{"count":0,"href":"https:\/\/www.mirsa.es\/ca\/wp-json\/wp\/v2\/pages\/45990\/revisions"}],"wp:attachment":[{"href":"https:\/\/www.mirsa.es\/ca\/wp-json\/wp\/v2\/media?parent=45990"}],"curies":[{"name":"wp","href":"https:\/\/api.w.org\/{rel}","templated":true}]}}