{"id":45948,"date":"2019-04-11T12:15:52","date_gmt":"2019-04-11T10:15:52","guid":{"rendered":"http:\/\/www.mirsa.es.mialias.net\/apollo-maxalto-sofa\/"},"modified":"2020-10-28T11:38:44","modified_gmt":"2020-10-28T11:38:44","slug":"apollo-maxalto-sofa","status":"publish","type":"page","link":"https:\/\/www.mirsa.es\/ca\/apollo-maxalto-sofa\/","title":{"rendered":"Apollo Maxalto Sofa"},"content":{"rendered":"<div class=\"wpb-content-wrapper\"><p>[vc_row][vc_column][vc_column_text]<\/p>\n<h5><img decoding=\"async\" class=\"wp-image-1077 size-large aligncenter\" title=\"Apollo Maxalto Sof\u00e0\" src=\"\/wp-content\/uploads\/2020\/06\/apollo_maxalto.jpg\" alt=\"Apollo Maxalto Sof\u00e0\" width=\"100%\" height=\"400\" \/><\/h5>\n<p style=\"font-size: 16px; text-align: left;\"><strong>Apollo \u00e9s el nou i espectacular sof\u00e0 de disseny contemporani patentat pel prestigi\u00f3s Antonio Citterio per a la firma italiana Maxalto.<br \/>\n<\/strong><\/p>\n<p style=\"font-size: 16px; text-align: left;\">Apollo \u00e9s el nou i espectacular sof\u00e0 de disseny contemporani patentat pel prestigi\u00f3s Antonio Citterio per a la firma italiana Maxalto.<\/p>\n<p style=\"font-size: 16px; text-align: left;\">La col\u00b7lecci\u00f3 \u00e9s una combinaci\u00f3 perfecta entre tres tipus de sof\u00e0s, que s\u2019uneixen mitjan\u00e7ant unes elegants l\u00ednies corbes i rigoroses que potencien cada element, transmetent exclusivitat i distinci\u00f3. L\u2019estructura d\u2019Apollo ha estat especialment dissenyada per adaptar-se al cos, garantint aix\u00ed la m\u00e0xima comoditat. Les seves fundes de cuir inclouen una elegant costura realitzada a m\u00e0, que pot\u00e8ncia les formes del sof\u00e0.<\/p>\n<p style=\"font-size: 16px; text-align: left;\">A MIRSA interiorisme &#038; mobiliari som distribu\u00efdors oficials Maxalto. Per a m\u00e9s informaci\u00f3, visiti el nostre Showroom o contacti amb nosaltres.\n<\/p>\n<p>[\/vc_column_text][vc_row_inner][vc_column_inner]<style type=\"text\/css\">#bklyn_btn_69d18e92cf72f .bklyn-btn { color:#ffffff !important; background-color:black !important; }<\/style><div id=\"bklyn_btn_69d18e92cf72f\" class=\"bklyn-btn-holder  bklyn-btn-center bklyn-btn-tablet-center bklyn-btn-mobile-center\"><a title=\"Contacto\"   href=\"\/contacto\" target=\"_self\" class=\"bklyn-btn  bklyn-btn-icon-left bklyn-btn-normal\" ><i class=\"fa fa-envelope\"><\/i><span class=\"ut-btn-text\">M\u00e9s informaci\u00f3<\/span><\/a><\/div>[\/vc_column_inner][\/vc_row_inner][\/vc_column][\/vc_row][vc_section][vc_row][vc_column width=&#8221;1\/2&#8243;]<div  class=\"wpb_content_element   clearfix\"><style type=\"text\/css\">#ut_am_69d18e92cfbd0 { opacity: 1; }#ut_am_wrap_69d18e92cfbd1 { text-align: left; }@media (min-width: 768px) and (max-width: 1024px) { #ut_am_wrap_69d18e92cfbd1 { text-align: left !important; } }@media (max-width: 767px) { #ut_am_wrap_69d18e92cfbd1 { text-align: center !important; } }<\/style><div id=\"ut_am_wrap_69d18e92cfbd1\" class=\"ut-image-gallery-image \"><div id=\"ut_reveal_69d18e92cfbd2\"  data-appear-top-offset=\"auto\" class=\"ut-animated-image-item ut-image-gallery-item ut-animation-done \"><a class=\"ut-deactivated-link\" href=\"#\"><div class=\"ut-animated-image-zoom\">\r\n        <div class=\"ut-element-glitch-wrap\">\r\n\r\n            \r\n        <style type=\"text\/css\">\r\n\r\n                        \r\n        @media (min-width: 1025px) {\r\n\r\n        #ut-element-glitch-69d18e92cfbf8507989093-32123 .ut-glitch-single-element {\r\n                                            \r\n                }\r\n        }\r\n\r\n        @media (min-width: 768px) and (max-width: 1024px) {\r\n\r\n        #ut-element-glitch-69d18e92cfbf8507989093-32123 .ut-glitch-single-element {\r\n                                                \r\n                    }\r\n        }\r\n\r\n        @media (max-width: 767px) {\r\n\r\n        #ut-element-glitch-69d18e92cfbf8507989093-32123 .ut-glitch-single-element {\r\n                                                \r\n                    }\r\n        }\r\n\r\n        \r\n        <\/style>\r\n\r\n        \r\n            <div id=\"ut-element-glitch-69d18e92cfbf8507989093-32123\" class=\" ut-element-glitch ut-glitch-none ut-element-glitch-permanent\">\r\n                <div class=\"ut-glitch-single-element ut-lozad skip-lazy\" data-background-image=\"https:\/\/www.mirsa.es\/wp-content\/uploads\/2020\/06\/apollo_maxalto_sofa_01.jpg\"><\/div>\r\n                <div class=\"ut-glitch-single-element ut-lozad skip-lazy\" data-background-image=\"https:\/\/www.mirsa.es\/wp-content\/uploads\/2020\/06\/apollo_maxalto_sofa_01.jpg\"><\/div>\r\n                <div class=\"ut-glitch-single-element ut-lozad skip-lazy\" data-background-image=\"https:\/\/www.mirsa.es\/wp-content\/uploads\/2020\/06\/apollo_maxalto_sofa_01.jpg\"><\/div>\r\n                <div class=\"ut-glitch-single-element ut-lozad skip-lazy\" data-background-image=\"https:\/\/www.mirsa.es\/wp-content\/uploads\/2020\/06\/apollo_maxalto_sofa_01.jpg\"><\/div>\r\n                <div class=\"ut-glitch-single-element ut-lozad skip-lazy\" data-background-image=\"https:\/\/www.mirsa.es\/wp-content\/uploads\/2020\/06\/apollo_maxalto_sofa_01.jpg\"><\/div>\r\n            <\/div>\r\n\r\n        <\/div>\r\n\r\n        <img loading=\"lazy\" decoding=\"async\" class=\"ut-lazy skip-lazy ut-animated-image \"  id=\"ut_am_69d18e92cfbd0\" src=\"data:image\/svg+xml;charset=utf-8,%3Csvg xmlns%3D'http%3A%2F%2Fwww.w3.org%2F2000%2Fsvg' viewBox%3D'0 0 600 324'%2F%3E\" data-src=\"https:\/\/www.mirsa.es\/wp-content\/uploads\/2020\/06\/apollo_maxalto_sofa_01.jpg\" width=\"600\" height=\"324\" alt=\"\"\/><\/div><\/a><\/div><\/div><\/div>[\/vc_column][vc_column width=&#8221;1\/2&#8243;]<div  class=\"wpb_content_element   clearfix\"><style type=\"text\/css\">#ut_am_69d18e92d012a { opacity: 1; }#ut_am_wrap_69d18e92d012b { text-align: left; }@media (min-width: 768px) and (max-width: 1024px) { #ut_am_wrap_69d18e92d012b { text-align: left !important; } }@media (max-width: 767px) { #ut_am_wrap_69d18e92d012b { text-align: center !important; } }<\/style><div id=\"ut_am_wrap_69d18e92d012b\" class=\"ut-image-gallery-image \"><div id=\"ut_reveal_69d18e92d012c\"  data-appear-top-offset=\"auto\" class=\"ut-animated-image-item ut-image-gallery-item ut-animation-done \"><a class=\"ut-deactivated-link\" href=\"#\"><div class=\"ut-animated-image-zoom\">\r\n        <div class=\"ut-element-glitch-wrap\">\r\n\r\n            \r\n        <style type=\"text\/css\">\r\n\r\n                        \r\n        @media (min-width: 1025px) {\r\n\r\n        #ut-element-glitch-69d18e92d0149534098671-32124 .ut-glitch-single-element {\r\n                                            \r\n                }\r\n        }\r\n\r\n        @media (min-width: 768px) and (max-width: 1024px) {\r\n\r\n        #ut-element-glitch-69d18e92d0149534098671-32124 .ut-glitch-single-element {\r\n                                                \r\n                    }\r\n        }\r\n\r\n        @media (max-width: 767px) {\r\n\r\n        #ut-element-glitch-69d18e92d0149534098671-32124 .ut-glitch-single-element {\r\n                                                \r\n                    }\r\n        }\r\n\r\n        \r\n        <\/style>\r\n\r\n        \r\n            <div id=\"ut-element-glitch-69d18e92d0149534098671-32124\" class=\" ut-element-glitch ut-glitch-none ut-element-glitch-permanent\">\r\n                <div class=\"ut-glitch-single-element ut-lozad skip-lazy\" data-background-image=\"https:\/\/www.mirsa.es\/wp-content\/uploads\/2020\/06\/apollo_maxalto_sofa_02.jpg\"><\/div>\r\n                <div class=\"ut-glitch-single-element ut-lozad skip-lazy\" data-background-image=\"https:\/\/www.mirsa.es\/wp-content\/uploads\/2020\/06\/apollo_maxalto_sofa_02.jpg\"><\/div>\r\n                <div class=\"ut-glitch-single-element ut-lozad skip-lazy\" data-background-image=\"https:\/\/www.mirsa.es\/wp-content\/uploads\/2020\/06\/apollo_maxalto_sofa_02.jpg\"><\/div>\r\n                <div class=\"ut-glitch-single-element ut-lozad skip-lazy\" data-background-image=\"https:\/\/www.mirsa.es\/wp-content\/uploads\/2020\/06\/apollo_maxalto_sofa_02.jpg\"><\/div>\r\n                <div class=\"ut-glitch-single-element ut-lozad skip-lazy\" data-background-image=\"https:\/\/www.mirsa.es\/wp-content\/uploads\/2020\/06\/apollo_maxalto_sofa_02.jpg\"><\/div>\r\n            <\/div>\r\n\r\n        <\/div>\r\n\r\n        <img loading=\"lazy\" decoding=\"async\" class=\"ut-lazy skip-lazy ut-animated-image \"  id=\"ut_am_69d18e92d012a\" src=\"data:image\/svg+xml;charset=utf-8,%3Csvg xmlns%3D'http%3A%2F%2Fwww.w3.org%2F2000%2Fsvg' viewBox%3D'0 0 600 324'%2F%3E\" data-src=\"https:\/\/www.mirsa.es\/wp-content\/uploads\/2020\/06\/apollo_maxalto_sofa_02.jpg\" width=\"600\" height=\"324\" alt=\"\"\/><\/div><\/a><\/div><\/div><\/div>[\/vc_column][\/vc_row][\/vc_section]<\/p>\n<\/div>","protected":false},"excerpt":{"rendered":"<p>[vc_row][vc_column][vc_column_text] Apollo \u00e9s el nou i espectacular sof\u00e0 de disseny contemporani patentat pel prestigi\u00f3s Antonio Citterio per a la firma italiana Maxalto. Apollo \u00e9s el nou i espectacular sof\u00e0 de disseny contemporani patentat pel prestigi\u00f3s Antonio Citterio per a la firma italiana Maxalto. La col\u00b7lecci\u00f3 \u00e9s una combinaci\u00f3 perfecta entre tres tipus de sof\u00e0s, que [&hellip;]<\/p>\n","protected":false},"author":1,"featured_media":0,"parent":0,"menu_order":0,"comment_status":"closed","ping_status":"closed","template":"","meta":{"footnotes":""},"class_list":["post-45948","page","type-page","status-publish","hentry"],"aioseo_notices":[],"_links":{"self":[{"href":"https:\/\/www.mirsa.es\/ca\/wp-json\/wp\/v2\/pages\/45948","targetHints":{"allow":["GET"]}}],"collection":[{"href":"https:\/\/www.mirsa.es\/ca\/wp-json\/wp\/v2\/pages"}],"about":[{"href":"https:\/\/www.mirsa.es\/ca\/wp-json\/wp\/v2\/types\/page"}],"author":[{"embeddable":true,"href":"https:\/\/www.mirsa.es\/ca\/wp-json\/wp\/v2\/users\/1"}],"replies":[{"embeddable":true,"href":"https:\/\/www.mirsa.es\/ca\/wp-json\/wp\/v2\/comments?post=45948"}],"version-history":[{"count":0,"href":"https:\/\/www.mirsa.es\/ca\/wp-json\/wp\/v2\/pages\/45948\/revisions"}],"wp:attachment":[{"href":"https:\/\/www.mirsa.es\/ca\/wp-json\/wp\/v2\/media?parent=45948"}],"curies":[{"name":"wp","href":"https:\/\/api.w.org\/{rel}","templated":true}]}}