{"id":45899,"date":"2018-02-09T11:18:34","date_gmt":"2018-02-09T10:18:34","guid":{"rendered":"http:\/\/www.mirsa.es.mialias.net\/angle-riva-1920\/"},"modified":"2020-10-27T10:53:36","modified_gmt":"2020-10-27T10:53:36","slug":"angle-riva-1920","status":"publish","type":"page","link":"https:\/\/www.mirsa.es\/ca\/angle-riva-1920\/","title":{"rendered":"Angle Riva 1920"},"content":{"rendered":"<div class=\"wpb-content-wrapper\"><p>[vc_row][vc_column][vc_column_text]<\/p>\n<h5><img decoding=\"async\" class=\"wp-image-1077 size-large aligncenter\" title=\"Taula Angle - Riva 1920\" src=\"\/wp-content\/uploads\/2020\/07\/angle_riva_1920.jpg\" alt=\"Taula Angle - Riva 1920\" width=\"100%\" height=\"400\" \/><\/h5>\n<p style=\"font-size: 16px; text-align: left;\"><strong>Angle de la firma italiana Riva 1920 destaca pel seu espectacular taulell de fusta massissa que transmet eleg\u00e0ncia i distinci\u00f3.<\/strong><\/p>\n<p style=\"font-size: 16px; text-align: left;\">Les potes de la taula es caracteritzen per la doble l\u00e0mina que les componen, que formen un angle de 90\u00ba, donant aix\u00ed nom a la col\u00b7lecci\u00f3. La pe\u00e7a destaca per la seva polival\u00e8ncia i versatilitat, ja que s\u2019adapta a la perfecci\u00f3 a qualsevol tipus d\u2019espai.<\/p>\n<p style=\"font-size: 16px; text-align: left;\">A MIRSA interiorisme &#038; mobiliari som distribu\u00efdors oficials Riva 1920. Per a m\u00e9s informaci\u00f3, visiti la nostra exposici\u00f3 o contacti amb nosaltres.<\/p>\n<p>[\/vc_column_text][vc_row_inner][vc_column_inner]<style type=\"text\/css\">#bklyn_btn_69d1a8737b29c .bklyn-btn { color:#ffffff !important; background-color:black !important; }<\/style><div id=\"bklyn_btn_69d1a8737b29c\" class=\"bklyn-btn-holder  bklyn-btn-center bklyn-btn-tablet-center bklyn-btn-mobile-center\"><a title=\"Contacto\"   href=\"\/contacto\" target=\"_self\" class=\"bklyn-btn  bklyn-btn-icon-left bklyn-btn-normal\" ><i class=\"fa fa-envelope\"><\/i><span class=\"ut-btn-text\">M\u00e9s informaci\u00f3<\/span><\/a><\/div>[\/vc_column_inner][\/vc_row_inner][\/vc_column][\/vc_row]<\/p>\n<\/div>","protected":false},"excerpt":{"rendered":"<p>[vc_row][vc_column][vc_column_text] Angle de la firma italiana Riva 1920 destaca pel seu espectacular taulell de fusta massissa que transmet eleg\u00e0ncia i distinci\u00f3. Les potes de la taula es caracteritzen per la doble l\u00e0mina que les componen, que formen un angle de 90\u00ba, donant aix\u00ed nom a la col\u00b7lecci\u00f3. La pe\u00e7a destaca per la seva polival\u00e8ncia i [&hellip;]<\/p>\n","protected":false},"author":1,"featured_media":0,"parent":0,"menu_order":0,"comment_status":"closed","ping_status":"closed","template":"","meta":{"footnotes":""},"class_list":["post-45899","page","type-page","status-publish","hentry"],"aioseo_notices":[],"_links":{"self":[{"href":"https:\/\/www.mirsa.es\/ca\/wp-json\/wp\/v2\/pages\/45899","targetHints":{"allow":["GET"]}}],"collection":[{"href":"https:\/\/www.mirsa.es\/ca\/wp-json\/wp\/v2\/pages"}],"about":[{"href":"https:\/\/www.mirsa.es\/ca\/wp-json\/wp\/v2\/types\/page"}],"author":[{"embeddable":true,"href":"https:\/\/www.mirsa.es\/ca\/wp-json\/wp\/v2\/users\/1"}],"replies":[{"embeddable":true,"href":"https:\/\/www.mirsa.es\/ca\/wp-json\/wp\/v2\/comments?post=45899"}],"version-history":[{"count":0,"href":"https:\/\/www.mirsa.es\/ca\/wp-json\/wp\/v2\/pages\/45899\/revisions"}],"wp:attachment":[{"href":"https:\/\/www.mirsa.es\/ca\/wp-json\/wp\/v2\/media?parent=45899"}],"curies":[{"name":"wp","href":"https:\/\/api.w.org\/{rel}","templated":true}]}}