{"id":45895,"date":"2018-03-01T12:47:28","date_gmt":"2018-03-01T11:47:28","guid":{"rendered":"http:\/\/www.mirsa.es.mialias.net\/andreu-world-sillas\/"},"modified":"2024-05-14T13:35:02","modified_gmt":"2024-05-14T13:35:02","slug":"andreu-world-sillas","status":"publish","type":"page","link":"https:\/\/www.mirsa.es\/ca\/andreu-world-sillas\/","title":{"rendered":"Andreu World Cadires"},"content":{"rendered":"<div class=\"wpb-content-wrapper\"><p>[vc_row css=&#8221;.vc_custom_1583596731269{margin-left: -50px !important;}&#8221;][vc_column][vc_column_text]<a href=\"javascript:history.go(-1)\" onmouseover=\"self.status=document.referrer;return true\" style=\"color: black;\">Enrere<\/a>[\/vc_column_text][\/vc_column][\/vc_row][vc_row][vc_column][vc_column_text]<\/p>\n<h5><img decoding=\"async\" class=\"wp-image-1077 size-large aligncenter\" title=\"Andreu World Sillas\" src=\"\/wp-content\/uploads\/2020\/05\/andreu_world_sillas_portada.jpg\" alt=\"Andreu World Sillas\" width=\"100%\" height=\"400\" \/><\/h5>\n<p style=\"font-size: 16px; text-align: left;\"><strong>Andrew World s\u2019ha convertit en una de les firmes m\u00e9s prestigioses en el m\u00f3n de l\u2019interiorisme, apostant per un producte de qualitat que presta especial atenci\u00f3 als detalls.<\/strong><\/p>\n<p style=\"font-size: 16px; text-align: left;\">Eleg\u00e0ncia, amor pels detalls i l\u2019excel\u00b7l\u00e8ncia defineixen a la perfecci\u00f3 la filosofia de la firma, que s\u2019ha convertit en tota una refer\u00e8ncia al m\u00f3n del disseny.<\/p>\n<p style=\"font-size: 16px; text-align: left;\">Els processos utilitzats en la fabricaci\u00f3 dels seus productes garanteixen la m\u00e0xima qualitat, combinant t\u00e8cniques artesanals amb l\u2019\u00faltima tecnologia.<\/p>\n<p style=\"font-size: 16px; text-align: left;\">A MIRSA interiorisme &#038; mobiliari som distribu\u00efdors oficials Andreu World. Per a m\u00e9s informaci\u00f3, visiti el nostre Showroom o contacti amb nosaltres.<\/p>\n<p>[\/vc_column_text][\/vc_column][\/vc_row][vc_section][vc_row full_width=&#8221;stretch_row_content_no_spaces&#8221;][vc_column][vc_column_text]<iframe width=\"100%\" height=\"600\" id=\"embedded-ads-iframe-website\" data-originsrc=\"https:\/\/mirsa.daloom.com\/es\/productos\/mobiliario\/brand_andreu-world\"><\/iframe><script defer src=\"https:\/\/mirsa.daloom.com\/js\/parent-embedded-script.min.js\"><\/script>[\/vc_column_text][\/vc_column][\/vc_row][\/vc_section]<\/p>\n<\/div>","protected":false},"excerpt":{"rendered":"<p>[vc_row css=&#8221;.vc_custom_1583596731269{margin-left: -50px !important;}&#8221;][vc_column][vc_column_text]Enrere[\/vc_column_text][\/vc_column][\/vc_row][vc_row][vc_column][vc_column_text] Andrew World s\u2019ha convertit en una de les firmes m\u00e9s prestigioses en el m\u00f3n de l\u2019interiorisme, apostant per un producte de qualitat que presta especial atenci\u00f3 als detalls. Eleg\u00e0ncia, amor pels detalls i l\u2019excel\u00b7l\u00e8ncia defineixen a la perfecci\u00f3 la filosofia de la firma, que s\u2019ha convertit en tota una refer\u00e8ncia al [&hellip;]<\/p>\n","protected":false},"author":1,"featured_media":0,"parent":0,"menu_order":0,"comment_status":"closed","ping_status":"closed","template":"","meta":{"footnotes":""},"class_list":["post-45895","page","type-page","status-publish","hentry"],"aioseo_notices":[],"_links":{"self":[{"href":"https:\/\/www.mirsa.es\/ca\/wp-json\/wp\/v2\/pages\/45895","targetHints":{"allow":["GET"]}}],"collection":[{"href":"https:\/\/www.mirsa.es\/ca\/wp-json\/wp\/v2\/pages"}],"about":[{"href":"https:\/\/www.mirsa.es\/ca\/wp-json\/wp\/v2\/types\/page"}],"author":[{"embeddable":true,"href":"https:\/\/www.mirsa.es\/ca\/wp-json\/wp\/v2\/users\/1"}],"replies":[{"embeddable":true,"href":"https:\/\/www.mirsa.es\/ca\/wp-json\/wp\/v2\/comments?post=45895"}],"version-history":[{"count":0,"href":"https:\/\/www.mirsa.es\/ca\/wp-json\/wp\/v2\/pages\/45895\/revisions"}],"wp:attachment":[{"href":"https:\/\/www.mirsa.es\/ca\/wp-json\/wp\/v2\/media?parent=45895"}],"curies":[{"name":"wp","href":"https:\/\/api.w.org\/{rel}","templated":true}]}}