{"id":45885,"date":"2019-05-08T12:34:50","date_gmt":"2019-05-08T10:34:50","guid":{"rendered":"http:\/\/www.mirsa.es.mialias.net\/amy-arketipo-silla\/"},"modified":"2020-10-27T09:58:02","modified_gmt":"2020-10-27T09:58:02","slug":"amy-arketipo-silla","status":"publish","type":"page","link":"https:\/\/www.mirsa.es\/ca\/amy-arketipo-silla\/","title":{"rendered":"Amy Arketipo Silla"},"content":{"rendered":"<div class=\"wpb-content-wrapper\"><p>[vc_row][vc_column][vc_column_text]<\/p>\n<h5><img decoding=\"async\" class=\"wp-image-1077 size-large aligncenter\" title=\"Amy Arketipo Cadira\" src=\"\/wp-content\/uploads\/2020\/07\/amy_arketipo.jpg\" alt=\"Amy Arketipo Cadira\" width=\"100%\" height=\"400\" \/><\/h5>\n<p style=\"font-size: 16px; text-align: left;\"><strong>Amy \u00e9s una elegant i funcional cadira d\u2019estil contemporani patentada pel prestigi\u00f3s dissenyador Giuseppe Vigano per a Arketipo Firenze.<br \/>\n<\/strong><\/p>\n<p style=\"font-size: 16px; text-align: left;\">El dissenyador s\u2019inspira en l\u2019est\u00e8tica retro dels anys 70, presentant una espectacular cadira amb estructura en volad\u00eds que crea una agradable sensaci\u00f3 de lleugeresa.<\/p>\n<p style=\"font-size: 16px; text-align: left;\">D\u2019altra banda el seient d\u2019Amy destaca per la seva base envolvent i uniforme, que reparteix el pes entre tota la superf\u00edcie i garanteix la m\u00e0xima comoditat.<\/p>\n<p style=\"font-size: 16px; text-align: left;\">A MIRSA interiorisme &#038; mobiliari som distribu\u00efdors oficials Arketipo. Per a m\u00e9s informaci\u00f3, visiti el nostre Showroom o contacti amb nosaltres.\n<\/p>\n<p>[\/vc_column_text][vc_row_inner][vc_column_inner]<style type=\"text\/css\">#bklyn_btn_69ff6af766722 .bklyn-btn { color:#ffffff !important; background-color:black !important; }<\/style><div id=\"bklyn_btn_69ff6af766722\" class=\"bklyn-btn-holder  bklyn-btn-center bklyn-btn-tablet-center bklyn-btn-mobile-center\"><a title=\"Contacto\"   href=\"\/contacto\" target=\"_self\" class=\"bklyn-btn  bklyn-btn-icon-left bklyn-btn-normal\" ><i class=\"fa fa-envelope\"><\/i><span class=\"ut-btn-text\">M\u00e9s informaci\u00f3<\/span><\/a><\/div>[\/vc_column_inner][\/vc_row_inner][\/vc_column][\/vc_row]<\/p>\n<\/div>","protected":false},"excerpt":{"rendered":"<p>[vc_row][vc_column][vc_column_text] Amy \u00e9s una elegant i funcional cadira d\u2019estil contemporani patentada pel prestigi\u00f3s dissenyador Giuseppe Vigano per a Arketipo Firenze. El dissenyador s\u2019inspira en l\u2019est\u00e8tica retro dels anys 70, presentant una espectacular cadira amb estructura en volad\u00eds que crea una agradable sensaci\u00f3 de lleugeresa. D\u2019altra banda el seient d\u2019Amy destaca per la seva base envolvent [&hellip;]<\/p>\n","protected":false},"author":1,"featured_media":0,"parent":0,"menu_order":0,"comment_status":"closed","ping_status":"closed","template":"","meta":{"footnotes":""},"class_list":["post-45885","page","type-page","status-publish","hentry"],"aioseo_notices":[],"_links":{"self":[{"href":"https:\/\/www.mirsa.es\/ca\/wp-json\/wp\/v2\/pages\/45885","targetHints":{"allow":["GET"]}}],"collection":[{"href":"https:\/\/www.mirsa.es\/ca\/wp-json\/wp\/v2\/pages"}],"about":[{"href":"https:\/\/www.mirsa.es\/ca\/wp-json\/wp\/v2\/types\/page"}],"author":[{"embeddable":true,"href":"https:\/\/www.mirsa.es\/ca\/wp-json\/wp\/v2\/users\/1"}],"replies":[{"embeddable":true,"href":"https:\/\/www.mirsa.es\/ca\/wp-json\/wp\/v2\/comments?post=45885"}],"version-history":[{"count":0,"href":"https:\/\/www.mirsa.es\/ca\/wp-json\/wp\/v2\/pages\/45885\/revisions"}],"wp:attachment":[{"href":"https:\/\/www.mirsa.es\/ca\/wp-json\/wp\/v2\/media?parent=45885"}],"curies":[{"name":"wp","href":"https:\/\/api.w.org\/{rel}","templated":true}]}}