{"id":45826,"date":"2019-09-18T13:22:35","date_gmt":"2019-09-18T11:22:35","guid":{"rendered":"http:\/\/www.mirsa.es.mialias.net\/allen-ligne-roset\/"},"modified":"2020-10-24T10:28:21","modified_gmt":"2020-10-24T10:28:21","slug":"allen-ligne-roset","status":"publish","type":"page","link":"https:\/\/www.mirsa.es\/ca\/allen-ligne-roset\/","title":{"rendered":"Allen Ligne Roset"},"content":{"rendered":"<div class=\"wpb-content-wrapper\"><p>[vc_row][vc_column][vc_column_text]<\/p>\n<h5><img decoding=\"async\" class=\"wp-image-1077 size-large aligncenter\" title=\"Allen - Ligne Roset\" src=\"\/wp-content\/uploads\/2020\/07\/mesa_allen_ligne_roset.jpg\" alt=\"Allen - Ligne Roset\" width=\"100%\" height=\"400\" \/><\/h5>\n<p style=\"font-size: 16px; text-align: left;\"><strong>Allen de la prestigiosa firma francesa Ligne Roset \u00e9s una elegant i funcional taula d\u2019estil contemporani patentada pel reconegut dissenyador Piotr Mochniej.<\/strong><\/p>\n<p style=\"font-size: 16px; text-align: left;\">Es tracta d\u2019una taula massissa d\u2019alta qualitat, dissenyada especialment per a satisfer les necessitats del dia a dia a la llar.<\/p>\n<p style=\"font-size: 16px; text-align: left;\">La pe\u00e7a presenta una gran quantitat d\u2019opcions de personalitzaci\u00f3, disposant de m\u00faltiples acabats i oferint la possibilitat de realitzar-se a mida.\n<\/p>\n<p style=\"font-size: 16px; text-align: left;\">A MIRSA interiorisme &#038; mobiliari som distribu\u00efdors oficials Ligne Roset. Per a m\u00e9s informaci\u00f3, visiti el nostre Showroom o contacti amb nosaltres.<\/p>\n<p>[\/vc_column_text][vc_row_inner][vc_column_inner]<style type=\"text\/css\">#bklyn_btn_69d18d0800643 .bklyn-btn { color:#ffffff !important; background-color:black !important; }<\/style><div id=\"bklyn_btn_69d18d0800643\" class=\"bklyn-btn-holder  bklyn-btn-center bklyn-btn-tablet-center bklyn-btn-mobile-center\"><a title=\"Contacto\"   href=\"\/contacto\" target=\"_self\" class=\"bklyn-btn  bklyn-btn-icon-left bklyn-btn-normal\" ><i class=\"fa fa-envelope\"><\/i><span class=\"ut-btn-text\">M\u00e9s informaci\u00f3<\/span><\/a><\/div>[\/vc_column_inner][\/vc_row_inner][\/vc_column][\/vc_row]<\/p>\n<\/div>","protected":false},"excerpt":{"rendered":"<p>[vc_row][vc_column][vc_column_text] Allen de la prestigiosa firma francesa Ligne Roset \u00e9s una elegant i funcional taula d\u2019estil contemporani patentada pel reconegut dissenyador Piotr Mochniej. Es tracta d\u2019una taula massissa d\u2019alta qualitat, dissenyada especialment per a satisfer les necessitats del dia a dia a la llar. La pe\u00e7a presenta una gran quantitat d\u2019opcions de personalitzaci\u00f3, disposant de [&hellip;]<\/p>\n","protected":false},"author":1,"featured_media":0,"parent":0,"menu_order":0,"comment_status":"closed","ping_status":"closed","template":"","meta":{"footnotes":""},"class_list":["post-45826","page","type-page","status-publish","hentry"],"aioseo_notices":[],"_links":{"self":[{"href":"https:\/\/www.mirsa.es\/ca\/wp-json\/wp\/v2\/pages\/45826","targetHints":{"allow":["GET"]}}],"collection":[{"href":"https:\/\/www.mirsa.es\/ca\/wp-json\/wp\/v2\/pages"}],"about":[{"href":"https:\/\/www.mirsa.es\/ca\/wp-json\/wp\/v2\/types\/page"}],"author":[{"embeddable":true,"href":"https:\/\/www.mirsa.es\/ca\/wp-json\/wp\/v2\/users\/1"}],"replies":[{"embeddable":true,"href":"https:\/\/www.mirsa.es\/ca\/wp-json\/wp\/v2\/comments?post=45826"}],"version-history":[{"count":0,"href":"https:\/\/www.mirsa.es\/ca\/wp-json\/wp\/v2\/pages\/45826\/revisions"}],"wp:attachment":[{"href":"https:\/\/www.mirsa.es\/ca\/wp-json\/wp\/v2\/media?parent=45826"}],"curies":[{"name":"wp","href":"https:\/\/api.w.org\/{rel}","templated":true}]}}