{"id":45816,"date":"2016-06-22T18:04:39","date_gmt":"2016-06-22T16:04:39","guid":{"rendered":"http:\/\/www.mirsa.es.mialias.net\/alfombras-nanimarquina\/"},"modified":"2024-05-22T10:00:13","modified_gmt":"2024-05-22T10:00:13","slug":"alfombras-nanimarquina","status":"publish","type":"page","link":"https:\/\/www.mirsa.es\/ca\/alfombras-nanimarquina\/","title":{"rendered":"Catifes Nanimarquina"},"content":{"rendered":"<div class=\"wpb-content-wrapper\"><p>[vc_row css=&#8221;.vc_custom_1583596731269{margin-left: -50px !important;}&#8221;][vc_column][vc_column_text]<a href=\"javascript:history.go(-1)\" onmouseover=\"self.status=document.referrer;return true\" style=\"color: black;\">Enrere<\/a>[\/vc_column_text][\/vc_column][\/vc_row][vc_row][vc_column][vc_column_text]<\/p>\n<h5><img decoding=\"async\" class=\"wp-image-1077 size-large aligncenter\" title=\"Catifes Nanimarquina\" src=\"\/wp-content\/uploads\/2020\/06\/nanimarquina_alfombra_diseno.jpg\" alt=\"Catifes Nanimarquina\" width=\"100%\" height=\"400\" \/><\/h5>\n<p style=\"font-size: 16px; text-align: left;\"><strong>Nanimarquina \u00e9s una reconeguda firma dedicada a la producci\u00f3n de catifes de disseny contemporani.<\/strong><\/p>\n<p style=\"font-size: 16px; text-align: left;\">Les seves col\u00b7leccions innovadores aix\u00ed com les fibres d\u2019alta qualitat utilitzades en la producci\u00f3 de totes les seves peces, l\u2019han convertit en una de les marques de refer\u00e8ncia.<\/p>\n<p style=\"font-size: 16px; text-align: left;\">La col\u00b7laboraci\u00f3 amb dissenyadors de prestigi internacional com Ronan &#038; Erwan Bouroullec, Ron Arad, Javier Mariscal, Tord Boontje o Milton Glaser, garanteix la diversitat d\u2019estils oferint un ampli ventall de textures, materials i formes.<\/p>\n<p style=\"font-size: 16px; text-align: left;\">A MIRSA interiorisme &#038; mobiliari som distribu\u00efdors oficials de catifes Nanimarquina. Per a m\u00e9s informaci\u00f3, visiti el nostre Showroom o contacti amb nosaltres.<\/p>\n<p>[\/vc_column_text][vc_row_inner][vc_column_inner width=&#8221;1\/3&#8243;][\/vc_column_inner][vc_column_inner width=&#8221;1\/3&#8243;]<style type=\"text\/css\">#bklyn_btn_6a09235b3291d .bklyn-btn { color:#ffffff !important; background-color:black !important; }<\/style><div id=\"bklyn_btn_6a09235b3291d\" class=\"bklyn-btn-holder  bklyn-btn-center bklyn-btn-tablet-center bklyn-btn-mobile-center\"><a title=\"Contacto\"   href=\"\/contacto\" target=\"_self\" class=\"bklyn-btn  bklyn-btn-icon-left bklyn-btn-normal\" ><i class=\"fa fa-envelope\"><\/i><span class=\"ut-btn-text\">M\u00e9s informaci\u00f3<\/span><\/a><\/div>[\/vc_column_inner][vc_column_inner width=&#8221;1\/3&#8243;][\/vc_column_inner][\/vc_row_inner][\/vc_column][\/vc_row]<\/p>\n<\/div>","protected":false},"excerpt":{"rendered":"<p>[vc_row css=&#8221;.vc_custom_1583596731269{margin-left: -50px !important;}&#8221;][vc_column][vc_column_text]Enrere[\/vc_column_text][\/vc_column][\/vc_row][vc_row][vc_column][vc_column_text] Nanimarquina \u00e9s una reconeguda firma dedicada a la producci\u00f3n de catifes de disseny contemporani. Les seves col\u00b7leccions innovadores aix\u00ed com les fibres d\u2019alta qualitat utilitzades en la producci\u00f3 de totes les seves peces, l\u2019han convertit en una de les marques de refer\u00e8ncia. La col\u00b7laboraci\u00f3 amb dissenyadors de prestigi internacional com Ronan [&hellip;]<\/p>\n","protected":false},"author":1,"featured_media":0,"parent":0,"menu_order":0,"comment_status":"closed","ping_status":"closed","template":"","meta":{"footnotes":""},"class_list":["post-45816","page","type-page","status-publish","hentry"],"aioseo_notices":[],"_links":{"self":[{"href":"https:\/\/www.mirsa.es\/ca\/wp-json\/wp\/v2\/pages\/45816","targetHints":{"allow":["GET"]}}],"collection":[{"href":"https:\/\/www.mirsa.es\/ca\/wp-json\/wp\/v2\/pages"}],"about":[{"href":"https:\/\/www.mirsa.es\/ca\/wp-json\/wp\/v2\/types\/page"}],"author":[{"embeddable":true,"href":"https:\/\/www.mirsa.es\/ca\/wp-json\/wp\/v2\/users\/1"}],"replies":[{"embeddable":true,"href":"https:\/\/www.mirsa.es\/ca\/wp-json\/wp\/v2\/comments?post=45816"}],"version-history":[{"count":0,"href":"https:\/\/www.mirsa.es\/ca\/wp-json\/wp\/v2\/pages\/45816\/revisions"}],"wp:attachment":[{"href":"https:\/\/www.mirsa.es\/ca\/wp-json\/wp\/v2\/media?parent=45816"}],"curies":[{"name":"wp","href":"https:\/\/api.w.org\/{rel}","templated":true}]}}