{"id":45808,"date":"2019-04-05T18:26:56","date_gmt":"2019-04-05T16:26:56","guid":{"rendered":"http:\/\/www.mirsa.es.mialias.net\/alfombra-capas-nanimarquina\/"},"modified":"2020-10-24T08:44:10","modified_gmt":"2020-10-24T08:44:10","slug":"alfombra-capas-nanimarquina","status":"publish","type":"page","link":"https:\/\/www.mirsa.es\/ca\/alfombra-capas-nanimarquina\/","title":{"rendered":"Alfombra Capas Nanimarquina"},"content":{"rendered":"<div class=\"wpb-content-wrapper\"><p>[vc_row][vc_column][vc_column_text]<\/p>\n<p style=\"font-size: 16px; text-align: left;\"><strong>Capas es la nueva colecci\u00f3n de alfombras de estilo contempor\u00e1neo, dise\u00f1ada por el prestigioso Mathias Hahn para la prestigiosa firma Nanimarquina.<\/strong><\/p>\n<p style=\"font-size: 16px; text-align: left;\">Como su propio nombre indica, la alfombra se basa en una superposici\u00f3n de capas de colores de diferente tonalidades y sombras, que crean una espectacular sensaci\u00f3n de profundidad.<\/p>\n<p style=\"font-size: 16px; text-align: left;\">Gracias a sus m\u00faltiples colores y acabados, la alfombra Capas se integra a la perfecci\u00f3n en cualquier tipo de espacio.<\/p>\n<p style=\"font-size: 16px; text-align: left;\">El dise\u00f1ador logra con esta colecci\u00f3n simplificar la compleja estructura de colores y profundidades que presenta la alfombra, presentando una colecci\u00f3n informal y liviana.<\/p>\n<p style=\"font-size: 16px; text-align: left;\">En MIRSA interiorismo somos distribuidores oficiales Nanimarquina. Para m\u00e1s informaci\u00f3n, visite nuestro Showroom o contacte con nosotros.<\/p>\n<p>[\/vc_column_text][vc_row_inner][vc_column_inner]<style type=\"text\/css\">#bklyn_btn_69f8c8b6c7143 .bklyn-btn { color:#ffffff !important; background-color:black !important; }<\/style><div id=\"bklyn_btn_69f8c8b6c7143\" class=\"bklyn-btn-holder  bklyn-btn-center bklyn-btn-tablet-center bklyn-btn-mobile-center\"><a title=\"Contacto\"   href=\"\/contacto\" target=\"_self\" class=\"bklyn-btn  bklyn-btn-icon-left bklyn-btn-normal\" ><i class=\"fa fa-envelope\"><\/i><span class=\"ut-btn-text\">M\u00e1s informaci\u00f3n<\/span><\/a><\/div>[\/vc_column_inner][\/vc_row_inner][\/vc_column][\/vc_row][vc_section][vc_row][vc_column width=&#8221;1\/2&#8243;]<div  class=\"wpb_content_element   clearfix\"><style type=\"text\/css\">#ut_am_69f8c8b6c74d3 { opacity: 1; }#ut_am_wrap_69f8c8b6c74d4 { text-align: left; }@media (min-width: 768px) and (max-width: 1024px) { #ut_am_wrap_69f8c8b6c74d4 { text-align: left !important; } }@media (max-width: 767px) { #ut_am_wrap_69f8c8b6c74d4 { text-align: center !important; } }<\/style><div id=\"ut_am_wrap_69f8c8b6c74d4\" class=\"ut-image-gallery-image \"><div id=\"ut_reveal_69f8c8b6c74d5\"  data-appear-top-offset=\"auto\" class=\"ut-animated-image-item ut-image-gallery-item ut-animation-done \"><a class=\"ut-deactivated-link\" href=\"#\"><div class=\"ut-animated-image-zoom\">\r\n        <div class=\"ut-element-glitch-wrap\">\r\n\r\n            \r\n        <style type=\"text\/css\">\r\n\r\n                        \r\n        @media (min-width: 1025px) {\r\n\r\n        #ut-element-glitch-69f8c8b6c74f4439709891-35275 .ut-glitch-single-element {\r\n                                            \r\n                }\r\n        }\r\n\r\n        @media (min-width: 768px) and (max-width: 1024px) {\r\n\r\n        #ut-element-glitch-69f8c8b6c74f4439709891-35275 .ut-glitch-single-element {\r\n                                                \r\n                    }\r\n        }\r\n\r\n        @media (max-width: 767px) {\r\n\r\n        #ut-element-glitch-69f8c8b6c74f4439709891-35275 .ut-glitch-single-element {\r\n                                                \r\n                    }\r\n        }\r\n\r\n        \r\n        <\/style>\r\n\r\n        \r\n            <div id=\"ut-element-glitch-69f8c8b6c74f4439709891-35275\" class=\" ut-element-glitch ut-glitch-none ut-element-glitch-permanent\">\r\n                <div class=\"ut-glitch-single-element ut-lozad skip-lazy\" data-background-image=\"https:\/\/www.mirsa.es\/wp-content\/uploads\/2020\/08\/capas_alfombra_nanimarquina_01.jpg\"><\/div>\r\n                <div class=\"ut-glitch-single-element ut-lozad skip-lazy\" data-background-image=\"https:\/\/www.mirsa.es\/wp-content\/uploads\/2020\/08\/capas_alfombra_nanimarquina_01.jpg\"><\/div>\r\n                <div class=\"ut-glitch-single-element ut-lozad skip-lazy\" data-background-image=\"https:\/\/www.mirsa.es\/wp-content\/uploads\/2020\/08\/capas_alfombra_nanimarquina_01.jpg\"><\/div>\r\n                <div class=\"ut-glitch-single-element ut-lozad skip-lazy\" data-background-image=\"https:\/\/www.mirsa.es\/wp-content\/uploads\/2020\/08\/capas_alfombra_nanimarquina_01.jpg\"><\/div>\r\n                <div class=\"ut-glitch-single-element ut-lozad skip-lazy\" data-background-image=\"https:\/\/www.mirsa.es\/wp-content\/uploads\/2020\/08\/capas_alfombra_nanimarquina_01.jpg\"><\/div>\r\n            <\/div>\r\n\r\n        <\/div>\r\n\r\n        <img loading=\"lazy\" decoding=\"async\" class=\"ut-lazy skip-lazy ut-animated-image \"  id=\"ut_am_69f8c8b6c74d3\" src=\"data:image\/svg+xml;charset=utf-8,%3Csvg xmlns%3D'http%3A%2F%2Fwww.w3.org%2F2000%2Fsvg' viewBox%3D'0 0 700 500'%2F%3E\" data-src=\"https:\/\/www.mirsa.es\/wp-content\/uploads\/2020\/08\/capas_alfombra_nanimarquina_01.jpg\" width=\"700\" height=\"500\" alt=\"\"\/><\/div><\/a><\/div><\/div><\/div>[\/vc_column][vc_column width=&#8221;1\/2&#8243;]<div  class=\"wpb_content_element   clearfix\"><style type=\"text\/css\">#ut_am_69f8c8b6c7818 { opacity: 1; }#ut_am_wrap_69f8c8b6c7819 { text-align: left; }@media (min-width: 768px) and (max-width: 1024px) { #ut_am_wrap_69f8c8b6c7819 { text-align: left !important; } }@media (max-width: 767px) { #ut_am_wrap_69f8c8b6c7819 { text-align: center !important; } }<\/style><div id=\"ut_am_wrap_69f8c8b6c7819\" class=\"ut-image-gallery-image \"><div id=\"ut_reveal_69f8c8b6c781a\"  data-appear-top-offset=\"auto\" class=\"ut-animated-image-item ut-image-gallery-item ut-animation-done \"><a class=\"ut-deactivated-link\" href=\"#\"><div class=\"ut-animated-image-zoom\">\r\n        <div class=\"ut-element-glitch-wrap\">\r\n\r\n            \r\n        <style type=\"text\/css\">\r\n\r\n                        \r\n        @media (min-width: 1025px) {\r\n\r\n        #ut-element-glitch-69f8c8b6c782d565216116-35276 .ut-glitch-single-element {\r\n                                            \r\n                }\r\n        }\r\n\r\n        @media (min-width: 768px) and (max-width: 1024px) {\r\n\r\n        #ut-element-glitch-69f8c8b6c782d565216116-35276 .ut-glitch-single-element {\r\n                                                \r\n                    }\r\n        }\r\n\r\n        @media (max-width: 767px) {\r\n\r\n        #ut-element-glitch-69f8c8b6c782d565216116-35276 .ut-glitch-single-element {\r\n                                                \r\n                    }\r\n        }\r\n\r\n        \r\n        <\/style>\r\n\r\n        \r\n            <div id=\"ut-element-glitch-69f8c8b6c782d565216116-35276\" class=\" ut-element-glitch ut-glitch-none ut-element-glitch-permanent\">\r\n                <div class=\"ut-glitch-single-element ut-lozad skip-lazy\" data-background-image=\"https:\/\/www.mirsa.es\/wp-content\/uploads\/2020\/08\/capas_alfombra_nanimarquina_02.jpg\"><\/div>\r\n                <div class=\"ut-glitch-single-element ut-lozad skip-lazy\" data-background-image=\"https:\/\/www.mirsa.es\/wp-content\/uploads\/2020\/08\/capas_alfombra_nanimarquina_02.jpg\"><\/div>\r\n                <div class=\"ut-glitch-single-element ut-lozad skip-lazy\" data-background-image=\"https:\/\/www.mirsa.es\/wp-content\/uploads\/2020\/08\/capas_alfombra_nanimarquina_02.jpg\"><\/div>\r\n                <div class=\"ut-glitch-single-element ut-lozad skip-lazy\" data-background-image=\"https:\/\/www.mirsa.es\/wp-content\/uploads\/2020\/08\/capas_alfombra_nanimarquina_02.jpg\"><\/div>\r\n                <div class=\"ut-glitch-single-element ut-lozad skip-lazy\" data-background-image=\"https:\/\/www.mirsa.es\/wp-content\/uploads\/2020\/08\/capas_alfombra_nanimarquina_02.jpg\"><\/div>\r\n            <\/div>\r\n\r\n        <\/div>\r\n\r\n        <img loading=\"lazy\" decoding=\"async\" class=\"ut-lazy skip-lazy ut-animated-image \"  id=\"ut_am_69f8c8b6c7818\" src=\"data:image\/svg+xml;charset=utf-8,%3Csvg xmlns%3D'http%3A%2F%2Fwww.w3.org%2F2000%2Fsvg' viewBox%3D'0 0 700 500'%2F%3E\" data-src=\"https:\/\/www.mirsa.es\/wp-content\/uploads\/2020\/08\/capas_alfombra_nanimarquina_02.jpg\" width=\"700\" height=\"500\" alt=\"\"\/><\/div><\/a><\/div><\/div><\/div>[\/vc_column][\/vc_row][\/vc_section]<\/p>\n<\/div>","protected":false},"excerpt":{"rendered":"<p>[vc_row][vc_column][vc_column_text] Capas es la nueva colecci\u00f3n de alfombras de estilo contempor\u00e1neo, dise\u00f1ada por el prestigioso Mathias Hahn para la prestigiosa firma Nanimarquina. Como su propio nombre indica, la alfombra se basa en una superposici\u00f3n de capas de colores de diferente tonalidades y sombras, que crean una espectacular sensaci\u00f3n de profundidad. Gracias a sus m\u00faltiples colores [&hellip;]<\/p>\n","protected":false},"author":1,"featured_media":0,"parent":0,"menu_order":0,"comment_status":"closed","ping_status":"closed","template":"","meta":{"footnotes":""},"class_list":["post-45808","page","type-page","status-publish","hentry"],"aioseo_notices":[],"_links":{"self":[{"href":"https:\/\/www.mirsa.es\/ca\/wp-json\/wp\/v2\/pages\/45808","targetHints":{"allow":["GET"]}}],"collection":[{"href":"https:\/\/www.mirsa.es\/ca\/wp-json\/wp\/v2\/pages"}],"about":[{"href":"https:\/\/www.mirsa.es\/ca\/wp-json\/wp\/v2\/types\/page"}],"author":[{"embeddable":true,"href":"https:\/\/www.mirsa.es\/ca\/wp-json\/wp\/v2\/users\/1"}],"replies":[{"embeddable":true,"href":"https:\/\/www.mirsa.es\/ca\/wp-json\/wp\/v2\/comments?post=45808"}],"version-history":[{"count":0,"href":"https:\/\/www.mirsa.es\/ca\/wp-json\/wp\/v2\/pages\/45808\/revisions"}],"wp:attachment":[{"href":"https:\/\/www.mirsa.es\/ca\/wp-json\/wp\/v2\/media?parent=45808"}],"curies":[{"name":"wp","href":"https:\/\/api.w.org\/{rel}","templated":true}]}}