{"id":45798,"date":"2020-07-29T15:30:03","date_gmt":"2020-07-29T15:30:03","guid":{"rendered":"http:\/\/www.mirsa.es.mialias.net\/silla-alaska-cattelan-italia\/"},"modified":"2020-10-23T16:17:00","modified_gmt":"2020-10-23T16:17:00","slug":"silla-alaska-cattelan-italia","status":"publish","type":"page","link":"https:\/\/www.mirsa.es\/ca\/silla-alaska-cattelan-italia\/","title":{"rendered":"Alaska Cattelan Italia"},"content":{"rendered":"<div class=\"wpb-content-wrapper\"><p>[vc_row][vc_column][vc_column_text]<\/p>\n<h5><img decoding=\"async\" class=\"wp-image-1077 size-large aligncenter\" title=\"Alaska Cattelan Italia\" src=\"\/wp-content\/uploads\/2020\/07\/silla_alaska_cattelan_italia.jpg\" alt=\"Alaska Cattelan Italia\" width=\"100%\" height=\"400\" \/><\/h5>\n<p style=\"font-size: 16px; text-align: left;\"><strong>Alaska de la prestigiosa firma Cattelan Italia \u00e9s una elegant i confortable butaca d\u2019estil contemporani patentada pel prestigi\u00f3s dissenyador Emilio Nanni.<\/strong><\/p>\n<p style=\"font-size: 16px; text-align: left;\">L\u2019estructura d\u2019Alaska \u00e9s caracteritza per les seves l\u00ednies rectes i angulars, que s\u2019inspiren en elements arquitect\u00f2nics contemporanis i que aporten lleugeresa i exclusivitat a la col\u00b7lecci\u00f3.<\/p>\n<p style=\"font-size: 16px; text-align: left;\">Gr\u00e0cies a la gran quantitat de colors i acabats en els que es presenta, Alaska \u00e9s una butaca que permet m\u00faltiples opcions de configuraci\u00f3 i personalitzaci\u00f3, adaptant-se amb facilitat a qualsevol mena d\u2019espai.<\/p>\n<p style=\"font-size: 16px; text-align: left;\">A MIRSA interiorisme &#038; mobiliari som distribu\u00efdors oficials Cattelan Italia. Per a m\u00e9s informaci\u00f3, visiti el nostre Showroom o contacti amb nosaltres.<\/p>\n<p>[\/vc_column_text][vc_row_inner][vc_column_inner]<style type=\"text\/css\">#bklyn_btn_69d38d28496b4 .bklyn-btn { color:#ffffff !important; background-color:black !important; }<\/style><div id=\"bklyn_btn_69d38d28496b4\" class=\"bklyn-btn-holder  bklyn-btn-center bklyn-btn-tablet-center bklyn-btn-mobile-center\"><a title=\"Contacto\"   href=\"\/contacto\" target=\"_self\" class=\"bklyn-btn  bklyn-btn-icon-left bklyn-btn-normal\" ><i class=\"fa fa-envelope\"><\/i><span class=\"ut-btn-text\">M\u00e9s informaci\u00f3<\/span><\/a><\/div>[\/vc_column_inner][\/vc_row_inner][\/vc_column][\/vc_row]<\/p>\n<\/div>","protected":false},"excerpt":{"rendered":"<p>[vc_row][vc_column][vc_column_text] Alaska de la prestigiosa firma Cattelan Italia \u00e9s una elegant i confortable butaca d\u2019estil contemporani patentada pel prestigi\u00f3s dissenyador Emilio Nanni. L\u2019estructura d\u2019Alaska \u00e9s caracteritza per les seves l\u00ednies rectes i angulars, que s\u2019inspiren en elements arquitect\u00f2nics contemporanis i que aporten lleugeresa i exclusivitat a la col\u00b7lecci\u00f3. Gr\u00e0cies a la gran quantitat de colors [&hellip;]<\/p>\n","protected":false},"author":1,"featured_media":0,"parent":0,"menu_order":0,"comment_status":"closed","ping_status":"closed","template":"","meta":{"footnotes":""},"class_list":["post-45798","page","type-page","status-publish","hentry"],"aioseo_notices":[],"_links":{"self":[{"href":"https:\/\/www.mirsa.es\/ca\/wp-json\/wp\/v2\/pages\/45798","targetHints":{"allow":["GET"]}}],"collection":[{"href":"https:\/\/www.mirsa.es\/ca\/wp-json\/wp\/v2\/pages"}],"about":[{"href":"https:\/\/www.mirsa.es\/ca\/wp-json\/wp\/v2\/types\/page"}],"author":[{"embeddable":true,"href":"https:\/\/www.mirsa.es\/ca\/wp-json\/wp\/v2\/users\/1"}],"replies":[{"embeddable":true,"href":"https:\/\/www.mirsa.es\/ca\/wp-json\/wp\/v2\/comments?post=45798"}],"version-history":[{"count":0,"href":"https:\/\/www.mirsa.es\/ca\/wp-json\/wp\/v2\/pages\/45798\/revisions"}],"wp:attachment":[{"href":"https:\/\/www.mirsa.es\/ca\/wp-json\/wp\/v2\/media?parent=45798"}],"curies":[{"name":"wp","href":"https:\/\/api.w.org\/{rel}","templated":true}]}}