{"id":45786,"date":"2020-07-29T14:50:00","date_gmt":"2020-07-29T14:50:00","guid":{"rendered":"http:\/\/www.mirsa.es.mialias.net\/silla-agatha-flex-cattelan-italia\/"},"modified":"2020-10-23T15:18:43","modified_gmt":"2020-10-23T15:18:43","slug":"silla-agatha-flex-cattelan-italia","status":"publish","type":"page","link":"https:\/\/www.mirsa.es\/ca\/silla-agatha-flex-cattelan-italia\/","title":{"rendered":"Agatha Flex Cattelan Italia"},"content":{"rendered":"<div class=\"wpb-content-wrapper\"><p>[vc_row][vc_column][vc_column_text]<\/p>\n<h5><img decoding=\"async\" class=\"wp-image-1077 size-large aligncenter\" title=\"Agatha Flex Cattelan Italia\" src=\"\/wp-content\/uploads\/2020\/07\/silla_agatha_cattelan_italia.jpg\" alt=\"Agatha Flex Cattelan Italia\" width=\"100%\" height=\"400\" \/><\/h5>\n<p style=\"font-size: 16px; text-align: left;\"><strong>Agatha de la prestigiosa firma Cattelan Italia \u00e9s una elegant i exclusiva cadira d\u2019estil contemporani patentada pel reconegut dissenyador Paolo Cattelan.<\/strong><\/p>\n<p style=\"font-size: 16px; text-align: left;\">La cadira destaca per la seva espectacular estructura en acer dissenyada per a garantir la m\u00e0xima comoditat. El seient i el respatller estan disponibles en diversos colors i acabats com ecopiel, synthetic, nubuck o pell segons mostrari.<\/p>\n<p style=\"font-size: 16px; text-align: left;\">Gr\u00e0cies a les m\u00faltiples opcions de configuraci\u00f3 i personalitzaci\u00f3 que ofereix la col\u00b7lecci\u00f3, la cadira Agatha s\u2019adapta amb facilitat a qualsevol mena d\u2019espai.<\/p>\n<p style=\"font-size: 16px; text-align: left;\">A MIRSA interiorisme &#038; mobiliari som distribu\u00efdors oficials Cattelan Italia. Per a m\u00e9s informaci\u00f3, visiti el nostre Showroom o contacti amb nosaltres.<\/p>\n<p>[\/vc_column_text][vc_row_inner][vc_column_inner]<style type=\"text\/css\">#bklyn_btn_69d1e27bcb003 .bklyn-btn { color:#ffffff !important; background-color:black !important; }<\/style><div id=\"bklyn_btn_69d1e27bcb003\" class=\"bklyn-btn-holder  bklyn-btn-center bklyn-btn-tablet-center bklyn-btn-mobile-center\"><a title=\"Contacto\"   href=\"\/contacto\" target=\"_self\" class=\"bklyn-btn  bklyn-btn-icon-left bklyn-btn-normal\" ><i class=\"fa fa-envelope\"><\/i><span class=\"ut-btn-text\">M\u00e9s informaci\u00f3<\/span><\/a><\/div>[\/vc_column_inner][\/vc_row_inner][\/vc_column][\/vc_row]<\/p>\n<\/div>","protected":false},"excerpt":{"rendered":"<p>[vc_row][vc_column][vc_column_text] Agatha de la prestigiosa firma Cattelan Italia \u00e9s una elegant i exclusiva cadira d\u2019estil contemporani patentada pel reconegut dissenyador Paolo Cattelan. La cadira destaca per la seva espectacular estructura en acer dissenyada per a garantir la m\u00e0xima comoditat. El seient i el respatller estan disponibles en diversos colors i acabats com ecopiel, synthetic, nubuck [&hellip;]<\/p>\n","protected":false},"author":1,"featured_media":0,"parent":0,"menu_order":0,"comment_status":"closed","ping_status":"closed","template":"","meta":{"footnotes":""},"class_list":["post-45786","page","type-page","status-publish","hentry"],"aioseo_notices":[],"_links":{"self":[{"href":"https:\/\/www.mirsa.es\/ca\/wp-json\/wp\/v2\/pages\/45786","targetHints":{"allow":["GET"]}}],"collection":[{"href":"https:\/\/www.mirsa.es\/ca\/wp-json\/wp\/v2\/pages"}],"about":[{"href":"https:\/\/www.mirsa.es\/ca\/wp-json\/wp\/v2\/types\/page"}],"author":[{"embeddable":true,"href":"https:\/\/www.mirsa.es\/ca\/wp-json\/wp\/v2\/users\/1"}],"replies":[{"embeddable":true,"href":"https:\/\/www.mirsa.es\/ca\/wp-json\/wp\/v2\/comments?post=45786"}],"version-history":[{"count":0,"href":"https:\/\/www.mirsa.es\/ca\/wp-json\/wp\/v2\/pages\/45786\/revisions"}],"wp:attachment":[{"href":"https:\/\/www.mirsa.es\/ca\/wp-json\/wp\/v2\/media?parent=45786"}],"curies":[{"name":"wp","href":"https:\/\/api.w.org\/{rel}","templated":true}]}}