{"id":45779,"date":"2018-04-14T19:18:37","date_gmt":"2018-04-14T17:18:37","guid":{"rendered":"http:\/\/www.mirsa.es.mialias.net\/agape-muebles-bano\/"},"modified":"2024-05-21T10:05:29","modified_gmt":"2024-05-21T10:05:29","slug":"agape-muebles-bano","status":"publish","type":"page","link":"https:\/\/www.mirsa.es\/ca\/agape-muebles-bano\/","title":{"rendered":"Agape Mobles de Bany"},"content":{"rendered":"<div class=\"wpb-content-wrapper\"><p>[vc_row css=&#8221;.vc_custom_1583596731269{margin-left: -50px !important;}&#8221;][vc_column][vc_column_text]<a href=\"javascript:history.go(-1)\" onmouseover=\"self.status=document.referrer;return true\" style=\"color: black;\">Enrere<\/a>[\/vc_column_text][\/vc_column][\/vc_row][vc_row][vc_column][vc_column_text]<\/p>\n<h5><img decoding=\"async\" class=\"wp-image-1077 size-large aligncenter\" title=\"Agape Ba\u00f1os\" src=\"\/wp-content\/uploads\/2020\/05\/agape_muebles_ba\u00f1o.jpg\" alt=\"Agape Ba\u00f1os\" width=\"100%\" height=\"400\" \/><\/h5>\n<p style=\"font-size: 16px; text-align: left;\"><strong>Agape \u00e9s una reconeguda firma italiana especialitzada en la fabricaci\u00f3 i distribuci\u00f3 de mobles de bany d\u2019alta gamma.<\/strong><\/p>\n<p style=\"font-size: 16px; text-align: left;\">La marca es va fundar l\u2019any 1973 en la localitat italiana de Verona, encara que posteriorment va traslladar la seva seu a Manthua. El naixement d\u2019Agape va representar un abans i un despr\u00e9s en el m\u00f3n de l\u2019interiorisme, introduint per primera vegada el concepte de disseny contemporani aplicat al bany.<\/p>\n<p style=\"font-size: 16px; text-align: left;\">Amb el temps, la companyia ha establert una extensa xarxa d\u2019associacions amb ind\u00fastries i artesans que assegura la m\u00e0xima qualitat i originalitat de les seves col\u00b7leccions.<\/p>\n<p style=\"font-size: 16px; text-align: left;\">A MIRSA interiorisme &#038; mobiliari disposem d\u2019una extensa col\u00b7lecci\u00f3 de productes Agape. Per a m\u00e9s informaci\u00f3, visiti el nostre Showroom o contacti amb nosaltres.<\/p>\n<p>[\/vc_column_text][\/vc_column][\/vc_row]<\/p>\n<\/div>","protected":false},"excerpt":{"rendered":"<p>[vc_row css=&#8221;.vc_custom_1583596731269{margin-left: -50px !important;}&#8221;][vc_column][vc_column_text]Enrere[\/vc_column_text][\/vc_column][\/vc_row][vc_row][vc_column][vc_column_text] Agape \u00e9s una reconeguda firma italiana especialitzada en la fabricaci\u00f3 i distribuci\u00f3 de mobles de bany d\u2019alta gamma. La marca es va fundar l\u2019any 1973 en la localitat italiana de Verona, encara que posteriorment va traslladar la seva seu a Manthua. El naixement d\u2019Agape va representar un abans i un despr\u00e9s [&hellip;]<\/p>\n","protected":false},"author":1,"featured_media":0,"parent":0,"menu_order":0,"comment_status":"closed","ping_status":"closed","template":"","meta":{"footnotes":""},"class_list":["post-45779","page","type-page","status-publish","hentry"],"aioseo_notices":[],"_links":{"self":[{"href":"https:\/\/www.mirsa.es\/ca\/wp-json\/wp\/v2\/pages\/45779","targetHints":{"allow":["GET"]}}],"collection":[{"href":"https:\/\/www.mirsa.es\/ca\/wp-json\/wp\/v2\/pages"}],"about":[{"href":"https:\/\/www.mirsa.es\/ca\/wp-json\/wp\/v2\/types\/page"}],"author":[{"embeddable":true,"href":"https:\/\/www.mirsa.es\/ca\/wp-json\/wp\/v2\/users\/1"}],"replies":[{"embeddable":true,"href":"https:\/\/www.mirsa.es\/ca\/wp-json\/wp\/v2\/comments?post=45779"}],"version-history":[{"count":0,"href":"https:\/\/www.mirsa.es\/ca\/wp-json\/wp\/v2\/pages\/45779\/revisions"}],"wp:attachment":[{"href":"https:\/\/www.mirsa.es\/ca\/wp-json\/wp\/v2\/media?parent=45779"}],"curies":[{"name":"wp","href":"https:\/\/api.w.org\/{rel}","templated":true}]}}