{"id":45774,"date":"2018-09-08T18:54:58","date_gmt":"2018-09-08T16:54:58","guid":{"rendered":"http:\/\/www.mirsa.es.mialias.net\/afra-tobia-scarpa\/"},"modified":"2026-03-11T15:54:37","modified_gmt":"2026-03-11T15:54:37","slug":"afra-tobia-scarpa","status":"publish","type":"page","link":"https:\/\/www.mirsa.es\/ca\/afra-tobia-scarpa\/","title":{"rendered":"Afra + Tobia Scarpa"},"content":{"rendered":"<div class=\"wpb-content-wrapper\"><p>[vc_section][vc_row full_width=&#8221;stretch_row_content&#8221;][vc_column][vc_column_text]<span style=\"color: black;\"><u><a href=\"https:\/\/www.mirsa.es\/ca\/disenadores\/\">Designers<\/a><\/u> \/ <u><a href=\"https:\/\/www.mirsa.es\/ca\/afra-tobia-scarpa\/\">Afra &#038; Tobia Scarpa<\/a><\/u><\/span>[\/vc_column_text][\/vc_column][\/vc_row][vc_row full_width=&#8221;stretch_row_content&#8221; css=&#8221;.vc_custom_1589961005492{margin-top: -15px !important;}&#8221;][vc_column width=&#8221;1\/3&#8243;]<div  class=\"wpb_content_element   clearfix\"><style type=\"text\/css\">#ut_am_6a092367a5559 { opacity: 1; }#ut_am_wrap_6a092367a555a { text-align: left; }@media (min-width: 768px) and (max-width: 1024px) { #ut_am_wrap_6a092367a555a { text-align: left !important; } }@media (max-width: 767px) { #ut_am_wrap_6a092367a555a { text-align: center !important; } }<\/style><div id=\"ut_am_wrap_6a092367a555a\" class=\"ut-image-gallery-image \"><div id=\"ut_reveal_6a092367a555b\"  data-appear-top-offset=\"auto\" class=\"ut-animated-image-item ut-image-gallery-item ut-animation-done \"><a class=\"ut-deactivated-link\" href=\"#\"><div class=\"ut-animated-image-zoom\">\r\n        <div class=\"ut-element-glitch-wrap\">\r\n\r\n            \r\n        <style type=\"text\/css\">\r\n\r\n                        \r\n        @media (min-width: 1025px) {\r\n\r\n        #ut-element-glitch-6a092367a557c111988181-30216 .ut-glitch-single-element {\r\n                                            \r\n                }\r\n        }\r\n\r\n        @media (min-width: 768px) and (max-width: 1024px) {\r\n\r\n        #ut-element-glitch-6a092367a557c111988181-30216 .ut-glitch-single-element {\r\n                                                \r\n                    }\r\n        }\r\n\r\n        @media (max-width: 767px) {\r\n\r\n        #ut-element-glitch-6a092367a557c111988181-30216 .ut-glitch-single-element {\r\n                                                \r\n                    }\r\n        }\r\n\r\n        \r\n        <\/style>\r\n\r\n        \r\n            <div id=\"ut-element-glitch-6a092367a557c111988181-30216\" class=\" ut-element-glitch ut-glitch-none ut-element-glitch-permanent\">\r\n                <div class=\"ut-glitch-single-element ut-lozad skip-lazy\" data-background-image=\"https:\/\/www.mirsa.es\/wp-content\/uploads\/2020\/05\/afra_tobia_scarpa.jpg\"><\/div>\r\n                <div class=\"ut-glitch-single-element ut-lozad skip-lazy\" data-background-image=\"https:\/\/www.mirsa.es\/wp-content\/uploads\/2020\/05\/afra_tobia_scarpa.jpg\"><\/div>\r\n                <div class=\"ut-glitch-single-element ut-lozad skip-lazy\" data-background-image=\"https:\/\/www.mirsa.es\/wp-content\/uploads\/2020\/05\/afra_tobia_scarpa.jpg\"><\/div>\r\n                <div class=\"ut-glitch-single-element ut-lozad skip-lazy\" data-background-image=\"https:\/\/www.mirsa.es\/wp-content\/uploads\/2020\/05\/afra_tobia_scarpa.jpg\"><\/div>\r\n                <div class=\"ut-glitch-single-element ut-lozad skip-lazy\" data-background-image=\"https:\/\/www.mirsa.es\/wp-content\/uploads\/2020\/05\/afra_tobia_scarpa.jpg\"><\/div>\r\n            <\/div>\r\n\r\n        <\/div>\r\n\r\n        <img loading=\"lazy\" decoding=\"async\" class=\"ut-lazy skip-lazy ut-animated-image \"  id=\"ut_am_6a092367a5559\" src=\"data:image\/svg+xml;charset=utf-8,%3Csvg xmlns%3D'http%3A%2F%2Fwww.w3.org%2F2000%2Fsvg' viewBox%3D'0 0 600 600'%2F%3E\" data-src=\"https:\/\/www.mirsa.es\/wp-content\/uploads\/2020\/05\/afra_tobia_scarpa.jpg\" width=\"600\" height=\"600\" alt=\"\"\/><\/div><\/a><\/div><\/div><\/div>[\/vc_column][vc_column width=&#8221;2\/3&#8243;][vc_column_text]<\/p>\n<p style=\"text-align: left; font-size: 16px;\">\n<p style=\"text-align: left; font-size: 16px;\">Afra i Tobia Scarpa s\u00f3n considerats com un dels dissenyadors Italians m\u00e9s prestigiosos del segle XX.<\/p>\n<p style=\"text-align: left; font-size: 16px;\">Tots dos es van llicenciar en el prestigi\u00f3s Institut Universitari d\u2019Arquitectura de Ven\u00e8cia i van formar una reconeguda associaci\u00f3 professional que els va portar a treballar per a les millors firmes internacionals de l\u2019\u00e8poca.<\/p>\n<p style=\"text-align: left; font-size: 16px;\">Els seus primers treballs es remunten a 1958 en el sector del vidre de Murano. Al 1960 van col\u00b7laborar amb gavina, presentant el sof\u00e0 \u201cBastiano\u201d i el llit \u201cVanessa\u201d. Ambdues col\u00b7leccions van tenir una gran acceptaci\u00f3 entre el p\u00fablic, el que va permetre al matrimoni Scarpa consolidar-se com una refer\u00e8ncia al m\u00f3n del disseny.<\/p>\n<p style=\"text-align: left; font-size: 16px;\">Posteriorment van realitzar diversos projectes per a la reconeguda firma italiana Cassina, entre els que destaquen la butaca \u201cSoriana\u201d (Guanyadora del Compasso d\u2019Oro al 1970) i la butaca \u201c925\u201d, pe\u00e7a ic\u00f2nica exposada de manera permanent al museu d\u2019art modern de New York.<\/p>\n<p style=\"text-align: left; font-size: 16px;\">Els sof\u00e0s \u201cCoronado\u201d i \u201cErasmo\u201d de B&#038;B Italia s\u00f3n dues de les col\u00b7leccions m\u00e9s famoses de Afra i Tobia Scarpa. D\u2019altra banda la parella de dissenyadors tamb\u00e9 va col\u00b7laborar amb altres prestigioses firmes italianes com Molteni &#038; C o Knoll internacional.<\/p>\n<p>[\/vc_column_text][\/vc_column][\/vc_row][vc_row full_width=&#8221;stretch_row_content_no_spaces&#8221; css=&#8221;.vc_custom_1589960397272{margin-top: -20px !important;}&#8221;][vc_column][vc_separator color=&#8221;custom&#8221; accent_color=&#8221;#c7c2ba&#8221;][\/vc_column][\/vc_row][vc_row full_width=&#8221;stretch_row_content&#8221; css=&#8221;.vc_custom_1589964968246{margin-top: -20px !important;}&#8221;][vc_column][vc_column_text]<iframe id=\"embedded-ads-iframe-website\" width=\"100%\" height=\"600\" data-originsrc=\"https:\/\/mirsa.daloom.com\/es\/productos\/disenadore_tobia-scarpa\"><\/iframe><script defer src=\"https:\/\/mirsa.daloom.com\/js\/parent-embedded-script.min.js\"><\/script>[\/vc_column_text][\/vc_column][\/vc_row][\/vc_section]<\/p>\n<\/div>","protected":false},"excerpt":{"rendered":"<p>[vc_section][vc_row full_width=&#8221;stretch_row_content&#8221;][vc_column][vc_column_text]Designers \/ Afra &#038; Tobia Scarpa[\/vc_column_text][\/vc_column][\/vc_row][vc_row full_width=&#8221;stretch_row_content&#8221; css=&#8221;.vc_custom_1589961005492{margin-top: -15px !important;}&#8221;][vc_column width=&#8221;1\/3&#8243;][\/vc_column][vc_column width=&#8221;2\/3&#8243;][vc_column_text] Afra i Tobia Scarpa s\u00f3n considerats com un dels dissenyadors Italians m\u00e9s prestigiosos del segle XX. Tots dos es van llicenciar en el prestigi\u00f3s Institut Universitari d\u2019Arquitectura de Ven\u00e8cia i van formar una reconeguda associaci\u00f3 professional que els va portar a treballar [&hellip;]<\/p>\n","protected":false},"author":1,"featured_media":0,"parent":0,"menu_order":0,"comment_status":"closed","ping_status":"closed","template":"","meta":{"footnotes":""},"class_list":["post-45774","page","type-page","status-publish","hentry"],"aioseo_notices":[],"_links":{"self":[{"href":"https:\/\/www.mirsa.es\/ca\/wp-json\/wp\/v2\/pages\/45774","targetHints":{"allow":["GET"]}}],"collection":[{"href":"https:\/\/www.mirsa.es\/ca\/wp-json\/wp\/v2\/pages"}],"about":[{"href":"https:\/\/www.mirsa.es\/ca\/wp-json\/wp\/v2\/types\/page"}],"author":[{"embeddable":true,"href":"https:\/\/www.mirsa.es\/ca\/wp-json\/wp\/v2\/users\/1"}],"replies":[{"embeddable":true,"href":"https:\/\/www.mirsa.es\/ca\/wp-json\/wp\/v2\/comments?post=45774"}],"version-history":[{"count":0,"href":"https:\/\/www.mirsa.es\/ca\/wp-json\/wp\/v2\/pages\/45774\/revisions"}],"wp:attachment":[{"href":"https:\/\/www.mirsa.es\/ca\/wp-json\/wp\/v2\/media?parent=45774"}],"curies":[{"name":"wp","href":"https:\/\/api.w.org\/{rel}","templated":true}]}}