{"id":45754,"date":"2018-04-14T17:26:21","date_gmt":"2018-04-14T15:26:21","guid":{"rendered":"http:\/\/www.mirsa.es.mialias.net\/actiu-muebles-oficina\/"},"modified":"2024-05-14T13:07:47","modified_gmt":"2024-05-14T13:07:47","slug":"actiu-muebles-oficina","status":"publish","type":"page","link":"https:\/\/www.mirsa.es\/ca\/actiu-muebles-oficina\/","title":{"rendered":"Actiu Mobles d&#8217; Oficina"},"content":{"rendered":"<div class=\"wpb-content-wrapper\"><p>[vc_row][vc_column][vc_column_text]<a style=\"color:black;\" href=\"javascript:history.go(-1)\" onmouseover=\"self.status=document.referrer;return true\">Enrere<\/a>[\/vc_column_text][\/vc_column][\/vc_row][vc_row][vc_column][vc_column_text]<\/p>\n<h5><img decoding=\"async\" class=\"wp-image-1077 size-large aligncenter\" title=\"Actiu mobles d' oficina\" src=\"\/wp-content\/uploads\/2020\/05\/actiu_muebles_oficina.jpg\" alt=\"Actiu mobles d'oficina\" width=\"100%\" height=\"400\" \/><\/h5>\n<p style=\"font-size: 16px; text-align: left;\"><strong>Actiu \u00e9s una prestigiosa firma de mobiliari d\u2019oficina que actualment compta amb un extens cat\u00e0leg de m\u00e9s de 10.000 refer\u00e8ncies.<\/strong><\/p>\n<p style=\"font-size: 16px; text-align: left;\">Les seves col\u00b7leccions destaquen pel seu disseny lleuger i minimalista, que ofereix elegants solucions per ambientar tot tipus de despatxos i oficines.<\/p>\n<p style=\"font-size: 16px; text-align: left;\">La firma s\u2019ha convertit en tota una refer\u00e8ncia mundial, exportant pr\u00e0cticament arreu del m\u00f3n i oferint un producte funcional i de gran qualitat.<\/p>\n<p style=\"font-size: 16px; text-align: left;\">Recentment Actiu ha rebut algunes distincions com el Premi Nacional de Disseny al 2017 o el German Design Award al 2018, el que reafirma a la marca com una de les m\u00e9s admirades internacionalment al sector del contract.<\/p>\n<p style=\"font-size: 16px; text-align: left;\">A MIRSA interiorisme &#038; mobiliari som distribu\u00efdors oficials Actiu. Per a m\u00e9s informaci\u00f3, visiti el nostre Showroom o contacti amb nosaltres.<\/p>\n<p>[\/vc_column_text][\/vc_column][\/vc_row][vc_section full_width=&#8221;stretch_row_content&#8221;][vc_row full_width=&#8221;stretch_row_content_no_spaces&#8221;][vc_column][vc_column_text]<iframe id=\"embedded-ads-iframe-website\" width=\"100%\" height=\"600\" data-originsrc=\"https:\/\/mirsa.daloom.com\/es\/productos\/mobiliario\/brand_actiu\"><\/iframe><br \/>\n<script defer src=\"https:\/\/mirsa.daloom.com\/js\/parent-embedded-script.min.js\"><\/script>[\/vc_column_text][\/vc_column][\/vc_row][\/vc_section]<\/p>\n<\/div>","protected":false},"excerpt":{"rendered":"<p>[vc_row][vc_column][vc_column_text]Enrere[\/vc_column_text][\/vc_column][\/vc_row][vc_row][vc_column][vc_column_text] Actiu \u00e9s una prestigiosa firma de mobiliari d\u2019oficina que actualment compta amb un extens cat\u00e0leg de m\u00e9s de 10.000 refer\u00e8ncies. Les seves col\u00b7leccions destaquen pel seu disseny lleuger i minimalista, que ofereix elegants solucions per ambientar tot tipus de despatxos i oficines. La firma s\u2019ha convertit en tota una refer\u00e8ncia mundial, exportant pr\u00e0cticament arreu [&hellip;]<\/p>\n","protected":false},"author":1,"featured_media":0,"parent":0,"menu_order":0,"comment_status":"closed","ping_status":"closed","template":"","meta":{"footnotes":""},"class_list":["post-45754","page","type-page","status-publish","hentry"],"aioseo_notices":[],"_links":{"self":[{"href":"https:\/\/www.mirsa.es\/ca\/wp-json\/wp\/v2\/pages\/45754","targetHints":{"allow":["GET"]}}],"collection":[{"href":"https:\/\/www.mirsa.es\/ca\/wp-json\/wp\/v2\/pages"}],"about":[{"href":"https:\/\/www.mirsa.es\/ca\/wp-json\/wp\/v2\/types\/page"}],"author":[{"embeddable":true,"href":"https:\/\/www.mirsa.es\/ca\/wp-json\/wp\/v2\/users\/1"}],"replies":[{"embeddable":true,"href":"https:\/\/www.mirsa.es\/ca\/wp-json\/wp\/v2\/comments?post=45754"}],"version-history":[{"count":0,"href":"https:\/\/www.mirsa.es\/ca\/wp-json\/wp\/v2\/pages\/45754\/revisions"}],"wp:attachment":[{"href":"https:\/\/www.mirsa.es\/ca\/wp-json\/wp\/v2\/media?parent=45754"}],"curies":[{"name":"wp","href":"https:\/\/api.w.org\/{rel}","templated":true}]}}