{"id":45751,"date":"2018-09-08T12:23:57","date_gmt":"2018-09-08T10:23:57","guid":{"rendered":"http:\/\/www.mirsa.es.mialias.net\/achille-castiglioni-colecciones\/"},"modified":"2026-03-11T15:36:47","modified_gmt":"2026-03-11T15:36:47","slug":"achille-castiglioni-colecciones","status":"publish","type":"page","link":"https:\/\/www.mirsa.es\/ca\/achille-castiglioni-colecciones\/","title":{"rendered":"Achille Castiglioni Col\u00b7leccions"},"content":{"rendered":"<div class=\"wpb-content-wrapper\"><p>[vc_section][vc_row full_width=&#8221;stretch_row_content&#8221;][vc_column][vc_column_text]<span style=\"color: black;\"><u><a href=\"https:\/\/www.mirsa.es\/ca\/disenadores\/\">Designers<\/a><\/u> \/ <u><a href=\"https:\/\/www.mirsa.es\/ca\/achille-castiglioni-colecciones\/\">Achille Castiglioni<\/a><\/u><\/span><br \/>\n[\/vc_column_text][\/vc_column][\/vc_row][vc_row full_width=&#8221;stretch_row_content&#8221; css=&#8221;.vc_custom_1589961005492{margin-top: -15px !important;}&#8221;][vc_column width=&#8221;1\/3&#8243;]<div  class=\"wpb_content_element   clearfix\"><style type=\"text\/css\">#ut_am_6a09158e0faa7 { opacity: 1; }#ut_am_wrap_6a09158e0faa8 { text-align: left; }@media (min-width: 768px) and (max-width: 1024px) { #ut_am_wrap_6a09158e0faa8 { text-align: left !important; } }@media (max-width: 767px) { #ut_am_wrap_6a09158e0faa8 { text-align: center !important; } }<\/style><div id=\"ut_am_wrap_6a09158e0faa8\" class=\"ut-image-gallery-image \"><div id=\"ut_reveal_6a09158e0faa9\"  data-appear-top-offset=\"auto\" class=\"ut-animated-image-item ut-image-gallery-item ut-animation-done \"><a class=\"ut-deactivated-link\" href=\"#\"><div class=\"ut-animated-image-zoom\">\r\n        <div class=\"ut-element-glitch-wrap\">\r\n\r\n            \r\n        <style type=\"text\/css\">\r\n\r\n                        \r\n        @media (min-width: 1025px) {\r\n\r\n        #ut-element-glitch-6a09158e0faf6849256046-59314 .ut-glitch-single-element {\r\n                                            \r\n                }\r\n        }\r\n\r\n        @media (min-width: 768px) and (max-width: 1024px) {\r\n\r\n        #ut-element-glitch-6a09158e0faf6849256046-59314 .ut-glitch-single-element {\r\n                                                \r\n                    }\r\n        }\r\n\r\n        @media (max-width: 767px) {\r\n\r\n        #ut-element-glitch-6a09158e0faf6849256046-59314 .ut-glitch-single-element {\r\n                                                \r\n                    }\r\n        }\r\n\r\n        \r\n        <\/style>\r\n\r\n        \r\n            <div id=\"ut-element-glitch-6a09158e0faf6849256046-59314\" class=\" ut-element-glitch ut-glitch-none ut-element-glitch-permanent\">\r\n                <div class=\"ut-glitch-single-element ut-lozad skip-lazy\" data-background-image=\"https:\/\/www.mirsa.es\/wp-content\/uploads\/2021\/09\/achille_castiglioni_designer.jpg\"><\/div>\r\n                <div class=\"ut-glitch-single-element ut-lozad skip-lazy\" data-background-image=\"https:\/\/www.mirsa.es\/wp-content\/uploads\/2021\/09\/achille_castiglioni_designer.jpg\"><\/div>\r\n                <div class=\"ut-glitch-single-element ut-lozad skip-lazy\" data-background-image=\"https:\/\/www.mirsa.es\/wp-content\/uploads\/2021\/09\/achille_castiglioni_designer.jpg\"><\/div>\r\n                <div class=\"ut-glitch-single-element ut-lozad skip-lazy\" data-background-image=\"https:\/\/www.mirsa.es\/wp-content\/uploads\/2021\/09\/achille_castiglioni_designer.jpg\"><\/div>\r\n                <div class=\"ut-glitch-single-element ut-lozad skip-lazy\" data-background-image=\"https:\/\/www.mirsa.es\/wp-content\/uploads\/2021\/09\/achille_castiglioni_designer.jpg\"><\/div>\r\n            <\/div>\r\n\r\n        <\/div>\r\n\r\n        <img loading=\"lazy\" decoding=\"async\" class=\"ut-lazy skip-lazy ut-animated-image \"  id=\"ut_am_6a09158e0faa7\" src=\"data:image\/svg+xml;charset=utf-8,%3Csvg xmlns%3D'http%3A%2F%2Fwww.w3.org%2F2000%2Fsvg' viewBox%3D'0 0 600 600'%2F%3E\" data-src=\"https:\/\/www.mirsa.es\/wp-content\/uploads\/2021\/09\/achille_castiglioni_designer.jpg\" width=\"600\" height=\"600\" alt=\"\"\/><\/div><\/a><\/div><\/div><\/div>[\/vc_column][vc_column width=&#8221;2\/3&#8243;][vc_column_text]<\/p>\n<p style=\"text-align: left; font-size: 16px;\">Achille Castiglioni (1918 -2002) \u00e9s considerat com una de les figures m\u00e9s rellevants del disseny itali\u00e0 del segle XX. Va treballar durant d\u00e8cades al sector de l\u2019arquitectura i l\u2019urbanisme i \u00e9s reconegut internacionalment per les seves col\u00b7leccions de mobiliari i il\u00b7luminaci\u00f3.<\/p>\n<p style=\"text-align: left; font-size: 16px;\">Al 1938, una vegada finalitzats els seus estudis a la universitat Polit\u00e8cnica de Mil\u00e0, funda juntament amb els seus germans una empresa d\u2019arquitectura a Mil\u00e0. El jove Achille Castiglioni de seguida comen\u00e7a a destacar amb els seus projectes, resultat de l\u2019experimentaci\u00f3 amb productes industrials i de la investigaci\u00f3 de noves t\u00e8cniques.<\/p>\n<p style=\"text-align: left; font-size: 16px;\">Durant els seus primers anys com arquitecte, destaquen la restauraci\u00f3 d\u2019alguns dels edificis m\u00e9s emblem\u00e0tics d\u2019Italia destru\u00efts per la guerra com el Palazzo della Societ\u00e0 per le Belle Arti ed Esposizione Permanente (1952).<\/p>\n<p style=\"text-align: left; font-size: 16px;\">Fruit de l\u2019experimentaci\u00f3 dels germans Castiglioni amb nous materials, neix la m\u00edtica l\u00e0mpada Viscontea de Flos (1960), fabricada amb fibres de pl\u00e0stic polim\u00e8ric polvoritzat que va suposar una veritable revoluci\u00f3 al sector.<\/p>\n<p style=\"text-align: left; font-size: 16px;\">Consolidat com un dels millors dissenyadors de l\u2019\u00e8poca, Achille Castiglioni va exercir com a professor i catedr\u00e0tic a la facultat d\u2019Arquitectura de Tor\u00ed fins al 1980 i a la polit\u00e8cnica de Mil\u00e0 fins al 1993. Achille Castiglioni va treballar per a les firmes m\u00e9s prestigioses de l\u2019\u00e8poca com Italiana Aerot\u00e9cnica, Brionvega, Bernini, B&#038;B Italia, Bonacina, Driade, De Padova, Cassina\u2026<\/p>\n<p style=\"text-align: left; font-size: 16px;\">A MIRSA interiorisme &#038; mobiliari disposem d\u2019una \u00e0mplia col\u00b7lecci\u00f3 de productes firmats per Achille Castiglioni. Per a m\u00e9s informaci\u00f3, visiti el nostre Showroom o contacti amb nosaltres.<\/p>\n<p style=\"text-align: left; font-size: 16px;\">A MIRSA interiorisme &#038; mobiliari disposem d\u2019una \u00e0mplia col\u00b7lecci\u00f3 de productes firmats per Achille Castiglioni. Per a m\u00e9s informaci\u00f3, visiti el nostre Showroom o contacti amb nosaltres<\/p>\n<p>[\/vc_column_text][\/vc_column][\/vc_row][vc_row full_width=&#8221;stretch_row_content_no_spaces&#8221; css=&#8221;.vc_custom_1589960397272{margin-top: -20px !important;}&#8221;][vc_column][vc_separator color=&#8221;custom&#8221; accent_color=&#8221;#c7c2ba&#8221;][\/vc_column][\/vc_row][vc_row full_width=&#8221;stretch_row_content&#8221; css=&#8221;.vc_custom_1589965648653{margin-top: -20px !important;}&#8221;][vc_column][vc_column_text]<iframe id=\"embedded-ads-iframe-website\" width=\"100%\" height=\"600\" data-originsrc=\"https:\/\/mirsa.daloom.com\/es\/productos\/disenadore_achille-castiglioni\"><\/iframe><br \/>\n<script defer src=\"https:\/\/mirsa.daloom.com\/js\/parent-embedded-script.min.js\"><\/script>[\/vc_column_text][\/vc_column][\/vc_row][\/vc_section]<\/p>\n<\/div>","protected":false},"excerpt":{"rendered":"<p>[vc_section][vc_row full_width=&#8221;stretch_row_content&#8221;][vc_column][vc_column_text]Designers \/ Achille Castiglioni [\/vc_column_text][\/vc_column][\/vc_row][vc_row full_width=&#8221;stretch_row_content&#8221; css=&#8221;.vc_custom_1589961005492{margin-top: -15px !important;}&#8221;][vc_column width=&#8221;1\/3&#8243;][\/vc_column][vc_column width=&#8221;2\/3&#8243;][vc_column_text] Achille Castiglioni (1918 -2002) \u00e9s considerat com una de les figures m\u00e9s rellevants del disseny itali\u00e0 del segle XX. Va treballar durant d\u00e8cades al sector de l\u2019arquitectura i l\u2019urbanisme i \u00e9s reconegut internacionalment per les seves col\u00b7leccions de mobiliari i il\u00b7luminaci\u00f3. Al 1938, [&hellip;]<\/p>\n","protected":false},"author":1,"featured_media":0,"parent":0,"menu_order":0,"comment_status":"closed","ping_status":"closed","template":"","meta":{"footnotes":""},"class_list":["post-45751","page","type-page","status-publish","hentry"],"aioseo_notices":[],"_links":{"self":[{"href":"https:\/\/www.mirsa.es\/ca\/wp-json\/wp\/v2\/pages\/45751","targetHints":{"allow":["GET"]}}],"collection":[{"href":"https:\/\/www.mirsa.es\/ca\/wp-json\/wp\/v2\/pages"}],"about":[{"href":"https:\/\/www.mirsa.es\/ca\/wp-json\/wp\/v2\/types\/page"}],"author":[{"embeddable":true,"href":"https:\/\/www.mirsa.es\/ca\/wp-json\/wp\/v2\/users\/1"}],"replies":[{"embeddable":true,"href":"https:\/\/www.mirsa.es\/ca\/wp-json\/wp\/v2\/comments?post=45751"}],"version-history":[{"count":0,"href":"https:\/\/www.mirsa.es\/ca\/wp-json\/wp\/v2\/pages\/45751\/revisions"}],"wp:attachment":[{"href":"https:\/\/www.mirsa.es\/ca\/wp-json\/wp\/v2\/media?parent=45751"}],"curies":[{"name":"wp","href":"https:\/\/api.w.org\/{rel}","templated":true}]}}