{"id":45746,"date":"2019-02-13T12:27:45","date_gmt":"2019-02-13T11:27:45","guid":{"rendered":"http:\/\/www.mirsa.es.mialias.net\/acerbis-international-design\/"},"modified":"2024-05-21T09:18:15","modified_gmt":"2024-05-21T09:18:15","slug":"acerbis-international-design","status":"publish","type":"page","link":"https:\/\/www.mirsa.es\/ca\/acerbis-international-design\/","title":{"rendered":"Acerbis International Design"},"content":{"rendered":"<div class=\"wpb-content-wrapper\"><p>[vc_row css=&#8221;.vc_custom_1583596731269{margin-left: -50px !important;}&#8221;][vc_column][vc_column_text]<a style=\"color:black;\" href=\"javascript:history.go(-1)\" onmouseover=\"self.status=document.referrer;return true\">Enrere<\/a>[\/vc_column_text][\/vc_column][\/vc_row][vc_row][vc_column][vc_column_text]<\/p>\n<h5><img decoding=\"async\" class=\"wp-image-1077 size-large aligncenter\" title=\"Acerbis International Design\" src=\"\/wp-content\/uploads\/2020\/05\/acerbis_internacional.jpg\" alt=\"Acerbis International Design\" width=\"100%\" height=\"400\" \/><\/h5>\n<p style=\"font-size: 16px; text-align: left;\"><strong>Acerbis \u00e9s una reconeguda firma amb m\u00e9s de 150 anys d\u2019hist\u00f2ria especialitzada en la fabricaci\u00f3 i distribuci\u00f3 de mobiliari contemporani d\u2019alta gamma.<\/strong><\/p>\n<p style=\"font-size: 16px; text-align: left;\">Al 1870 Benvenuto Acerbis funda una petita f\u00e0brica de mobles a Bergamo, que de seguida es consolidaria com un referent a la zona gr\u00e0cies als seus treballs innovadors i d\u2019alta qualitat.<\/p>\n<p style=\"font-size: 16px; text-align: left;\">Al 1963 Ludovico Acerbis es fa amb la ger\u00e8ncia de la f\u00e0brica, i trasllada les instal\u00b7lacions a Seriate, on funda oficialment la firma Acerbis Internacional: Una marca que fa seva l\u2019her\u00e8ncia artesanal del passat, reinterpretant-la amb noves col\u00b7leccions i col\u00b7laborant amb alguns dels dissenyadors m\u00e9s prestigiosos del moment.<\/p>\n<p style=\"font-size: 16px; text-align: left;\">Els germans Buratti, Mario Bellini o Michele De Lucchi, s\u00f3n alguns dels arquitectes internacionals que han col\u00b7laborat amb la firma, convertint-la en un referent del disseny internacional.<\/p>\n<p style=\"font-size: 16px; text-align: left;\">A MIRSA interiorisme &#038; mobiliari som distribu\u00efdors oficials Acerbis. Per a m\u00e9s informaci\u00f3, visiti el nostre Showroom o contacti amb nosaltres.<\/p>\n<p>[\/vc_column_text][\/vc_column][\/vc_row]<\/p>\n<\/div>","protected":false},"excerpt":{"rendered":"<p>[vc_row css=&#8221;.vc_custom_1583596731269{margin-left: -50px !important;}&#8221;][vc_column][vc_column_text]Enrere[\/vc_column_text][\/vc_column][\/vc_row][vc_row][vc_column][vc_column_text] Acerbis \u00e9s una reconeguda firma amb m\u00e9s de 150 anys d\u2019hist\u00f2ria especialitzada en la fabricaci\u00f3 i distribuci\u00f3 de mobiliari contemporani d\u2019alta gamma. Al 1870 Benvenuto Acerbis funda una petita f\u00e0brica de mobles a Bergamo, que de seguida es consolidaria com un referent a la zona gr\u00e0cies als seus treballs innovadors i [&hellip;]<\/p>\n","protected":false},"author":1,"featured_media":0,"parent":0,"menu_order":0,"comment_status":"closed","ping_status":"closed","template":"","meta":{"footnotes":""},"class_list":["post-45746","page","type-page","status-publish","hentry"],"aioseo_notices":[],"_links":{"self":[{"href":"https:\/\/www.mirsa.es\/ca\/wp-json\/wp\/v2\/pages\/45746","targetHints":{"allow":["GET"]}}],"collection":[{"href":"https:\/\/www.mirsa.es\/ca\/wp-json\/wp\/v2\/pages"}],"about":[{"href":"https:\/\/www.mirsa.es\/ca\/wp-json\/wp\/v2\/types\/page"}],"author":[{"embeddable":true,"href":"https:\/\/www.mirsa.es\/ca\/wp-json\/wp\/v2\/users\/1"}],"replies":[{"embeddable":true,"href":"https:\/\/www.mirsa.es\/ca\/wp-json\/wp\/v2\/comments?post=45746"}],"version-history":[{"count":0,"href":"https:\/\/www.mirsa.es\/ca\/wp-json\/wp\/v2\/pages\/45746\/revisions"}],"wp:attachment":[{"href":"https:\/\/www.mirsa.es\/ca\/wp-json\/wp\/v2\/media?parent=45746"}],"curies":[{"name":"wp","href":"https:\/\/api.w.org\/{rel}","templated":true}]}}