{"id":45718,"date":"2018-11-02T11:32:38","date_gmt":"2018-11-02T10:32:38","guid":{"rendered":"http:\/\/www.mirsa.es.mialias.net\/909-molteni-c\/"},"modified":"2020-10-23T07:59:22","modified_gmt":"2020-10-23T07:59:22","slug":"909-molteni-c","status":"publish","type":"page","link":"https:\/\/www.mirsa.es\/ca\/909-molteni-c\/","title":{"rendered":"909 Molteni &#038; C"},"content":{"rendered":"<div class=\"wpb-content-wrapper\"><p>[vc_row][vc_column][vc_column_text]<\/p>\n<h5><img decoding=\"async\" class=\"wp-image-1077 size-large aligncenter\" title=\"909 Molteni &#038; C\" src=\"\/wp-content\/uploads\/2020\/07\/909_molteni_c.jpg\" alt=\"909 Molteni &#038; C\" width=\"100%\" height=\"400\"\/><\/h5>\n<p style=\"font-size: 16px; text-align: left;\"><strong>La col\u00b7lecci\u00f3 909 de la firma italiana Molteni &#038; C, est\u00e0 formada per un conjunt de calaixeres modulars que permeten m\u00faltiples opcions de configuraci\u00f3.<\/strong><\/p>\n<p style=\"font-size: 16px; text-align: left;\">Patentada pel prestigi\u00f3s Alfo Meda, es tracta d\u2019un sistema elegant i refinat per a la zona de nit, format per diversos elements que poden utilitzar-se individualment o combinats entre si.<\/p>\n<p style=\"font-size: 16px; text-align: left;\">Una col\u00b7lecci\u00f3 flexible i equilibrada amb calaixos d\u2019apertura a pressi\u00f3 o amb tirador que incorpora un espectacular m\u00f2dul obert d\u2019alumini brillant amb un vidre acidificat.<\/p>\n<p style=\"font-size: 16px; text-align: left;\">A MIRSA interiorisme &#038; mobiliari som distribu\u00efdors oficials Molteni &#038; C. Per a m\u00e9s informaci\u00f3, visiti el nostre Showroom o contacti amb nosaltres.\n<\/p>\n<p>[\/vc_column_text][vc_row_inner][vc_column_inner]<style type=\"text\/css\">#bklyn_btn_69d22ab0457d4 .bklyn-btn { color:#ffffff !important; background-color:black !important; }<\/style><div id=\"bklyn_btn_69d22ab0457d4\" class=\"bklyn-btn-holder  bklyn-btn-center bklyn-btn-tablet-center bklyn-btn-mobile-center\"><a title=\"Contacto\"   href=\"\/contacto\" target=\"_self\" class=\"bklyn-btn  bklyn-btn-icon-left bklyn-btn-normal\" ><i class=\"fa fa-envelope\"><\/i><span class=\"ut-btn-text\">M\u00e9s informaci\u00f3<\/span><\/a><\/div>[\/vc_column_inner][\/vc_row_inner][\/vc_column][\/vc_row]<\/p>\n<\/div>","protected":false},"excerpt":{"rendered":"<p>[vc_row][vc_column][vc_column_text] La col\u00b7lecci\u00f3 909 de la firma italiana Molteni &#038; C, est\u00e0 formada per un conjunt de calaixeres modulars que permeten m\u00faltiples opcions de configuraci\u00f3. Patentada pel prestigi\u00f3s Alfo Meda, es tracta d\u2019un sistema elegant i refinat per a la zona de nit, format per diversos elements que poden utilitzar-se individualment o combinats entre si. [&hellip;]<\/p>\n","protected":false},"author":1,"featured_media":0,"parent":0,"menu_order":0,"comment_status":"closed","ping_status":"closed","template":"","meta":{"footnotes":""},"class_list":["post-45718","page","type-page","status-publish","hentry"],"aioseo_notices":[],"_links":{"self":[{"href":"https:\/\/www.mirsa.es\/ca\/wp-json\/wp\/v2\/pages\/45718","targetHints":{"allow":["GET"]}}],"collection":[{"href":"https:\/\/www.mirsa.es\/ca\/wp-json\/wp\/v2\/pages"}],"about":[{"href":"https:\/\/www.mirsa.es\/ca\/wp-json\/wp\/v2\/types\/page"}],"author":[{"embeddable":true,"href":"https:\/\/www.mirsa.es\/ca\/wp-json\/wp\/v2\/users\/1"}],"replies":[{"embeddable":true,"href":"https:\/\/www.mirsa.es\/ca\/wp-json\/wp\/v2\/comments?post=45718"}],"version-history":[{"count":0,"href":"https:\/\/www.mirsa.es\/ca\/wp-json\/wp\/v2\/pages\/45718\/revisions"}],"wp:attachment":[{"href":"https:\/\/www.mirsa.es\/ca\/wp-json\/wp\/v2\/media?parent=45718"}],"curies":[{"name":"wp","href":"https:\/\/api.w.org\/{rel}","templated":true}]}}