{"id":45712,"date":"2018-07-21T13:08:50","date_gmt":"2018-07-21T11:08:50","guid":{"rendered":"http:\/\/www.mirsa.es.mialias.net\/5050-molteni-c\/"},"modified":"2021-09-10T16:48:03","modified_gmt":"2021-09-10T16:48:03","slug":"5050-molteni-c","status":"publish","type":"page","link":"https:\/\/www.mirsa.es\/ca\/5050-molteni-c\/","title":{"rendered":"5050 Molteni &#038; C"},"content":{"rendered":"<div class=\"wpb-content-wrapper\"><p>[vc_row][vc_column][vc_column_text]<\/p>\n<h5><img decoding=\"async\" class=\"wp-image-1077 size-large aligncenter\" title=\"5050 Molteni &amp; C\" src=\"\/wp-content\/uploads\/2020\/07\/5050_molteni_c.jpg\" alt=\"5050 Molteni &amp; C\" width=\"100%\" height=\"400\" \/><\/h5>\n<h2 style=\"font-size: 16px; text-align: left;\"><strong>5050 \u00e9s una espectacular col\u00b7lecci\u00f3 patentada pel reconegut dissenyador Rodolfo Dordoni per a la firma italiana Molteni &#038; C.<br \/>\n<\/strong><\/h2>\n<p style=\"font-size: 16px; text-align: left;\">La col\u00b7lecci\u00f3 es caracteritza per la riquesa dels materials utilitzats per a la seva construcci\u00f3, aix\u00ed com pel seu disseny rigor\u00f3s i exclusiu.\n<\/p>\n<p style=\"font-size: 16px; text-align: left;\">L\u2019elegant combinaci\u00f3 crom\u00e0tica entre les parts obertes i tancades fa de 5050 una col\u00b7lecci\u00f3 elegant i agradable a la vista, que s\u2019adapta amb facilitat a qualsevol tipus d\u2019espai.<\/p>\n<p style=\"font-size: 16px; text-align: left;\">A MIRSA interiorisme &#038; mobiliari som distribu\u00efdors oficials Molteni &#038; C. Per a m\u00e9s informaci\u00f3, visiti en nostre Showroom o contacti amb nosaltres.\n<\/p>\n<p>[\/vc_column_text][vc_row_inner][vc_column_inner]<style type=\"text\/css\">#bklyn_btn_69d2668ec09b3 .bklyn-btn { color:#ffffff !important; background-color:black !important; }<\/style><div id=\"bklyn_btn_69d2668ec09b3\" class=\"bklyn-btn-holder  bklyn-btn-center bklyn-btn-tablet-center bklyn-btn-mobile-center\"><a title=\"Contacto\"   href=\"\/contacto\" target=\"_self\" class=\"bklyn-btn  bklyn-btn-icon-left bklyn-btn-normal\" ><i class=\"fa fa-envelope\"><\/i><span class=\"ut-btn-text\">M\u00e9s informaci\u00f3<\/span><\/a><\/div>[\/vc_column_inner][\/vc_row_inner][\/vc_column][\/vc_row]<\/p>\n<\/div>","protected":false},"excerpt":{"rendered":"<p>[vc_row][vc_column][vc_column_text] 5050 \u00e9s una espectacular col\u00b7lecci\u00f3 patentada pel reconegut dissenyador Rodolfo Dordoni per a la firma italiana Molteni &#038; C. La col\u00b7lecci\u00f3 es caracteritza per la riquesa dels materials utilitzats per a la seva construcci\u00f3, aix\u00ed com pel seu disseny rigor\u00f3s i exclusiu. L\u2019elegant combinaci\u00f3 crom\u00e0tica entre les parts obertes i tancades fa de 5050 [&hellip;]<\/p>\n","protected":false},"author":1,"featured_media":0,"parent":0,"menu_order":0,"comment_status":"closed","ping_status":"closed","template":"","meta":{"footnotes":""},"class_list":["post-45712","page","type-page","status-publish","hentry"],"aioseo_notices":[],"_links":{"self":[{"href":"https:\/\/www.mirsa.es\/ca\/wp-json\/wp\/v2\/pages\/45712","targetHints":{"allow":["GET"]}}],"collection":[{"href":"https:\/\/www.mirsa.es\/ca\/wp-json\/wp\/v2\/pages"}],"about":[{"href":"https:\/\/www.mirsa.es\/ca\/wp-json\/wp\/v2\/types\/page"}],"author":[{"embeddable":true,"href":"https:\/\/www.mirsa.es\/ca\/wp-json\/wp\/v2\/users\/1"}],"replies":[{"embeddable":true,"href":"https:\/\/www.mirsa.es\/ca\/wp-json\/wp\/v2\/comments?post=45712"}],"version-history":[{"count":0,"href":"https:\/\/www.mirsa.es\/ca\/wp-json\/wp\/v2\/pages\/45712\/revisions"}],"wp:attachment":[{"href":"https:\/\/www.mirsa.es\/ca\/wp-json\/wp\/v2\/media?parent=45712"}],"curies":[{"name":"wp","href":"https:\/\/api.w.org\/{rel}","templated":true}]}}